{"id":147,"date":"2025-05-16T15:49:44","date_gmt":"2025-05-16T15:49:44","guid":{"rendered":"https:\/\/macrinion.com\/?page_id=147"},"modified":"2025-06-02T16:44:57","modified_gmt":"2025-06-02T16:44:57","slug":"fl-platform-your-benefits","status":"publish","type":"page","link":"https:\/\/macrinion.com\/de\/fl-platform-your-benefits\/","title":{"rendered":"FL-Platform &#8211; Ihre Vorteile"},"content":{"rendered":"<p><img loading=\"lazy\" decoding=\"async\" width=\"300\" height=\"300\" src=\"\/wp-content\/uploads\/2025\/05\/login_slide2-300x300.png\" alt=\"\" class=\"wp-image-14 alignright\" srcset=\"https:\/\/macrinion.com\/wp-content\/uploads\/2025\/05\/login_slide2-300x300.png 300w, https:\/\/macrinion.com\/wp-content\/uploads\/2025\/05\/login_slide2-150x150.png 150w, https:\/\/macrinion.com\/wp-content\/uploads\/2025\/05\/login_slide2-768x768.png 768w, https:\/\/macrinion.com\/wp-content\/uploads\/2025\/05\/login_slide2.png 1024w\" sizes=\"auto, (max-width: 300px) 100vw, 300px\" \/><\/p>\n<p>Wir sind die <strong>etablierten <\/strong><strong>Experten f\u00fcr Financial Lines<\/strong>. Mit uns gewinnen Sie einzigartige Einblicke in den FL-Versicherungsmarkt. Mit <strong>marktf\u00fchrenden Konzepten<\/strong> setzen wir Ma\u00dfst\u00e4be mit unserem Wissen und unserer Erfahrung und einem breiten FL-Netzwerk.<\/p>\n<p>Neben der m\u00fchelosen <strong>Verteidigung Ihres Portfolios<\/strong> ist die Plattform auch ein hervorragender <strong>Beschleuniger f\u00fcr das Wachstum neuer Gesch\u00e4fte<\/strong>. Wir haben Produkte entwickelt, wir haben die Sch\u00e4den gesehen \u2013 wir wissen, worauf es bei FL ankommt und helfen Ihnen vor Ihren Kunden erfolgreich zu sein. Der <strong>Effizienzgewinn<\/strong> (stark reduzierter Zeitaufwand und verbesserte FL Produkte) ist f\u00fcr Sie <strong>kostenlos<\/strong>.<\/p>\n<p>Eine einzigartige Kombination zahlreicher Vorteile &#8211; ohne Nachteile &#8211; in der \u00dcbersicht:<\/p>\n<ul>\n<li>Sie profitieren von unserer einzigartigen <strong>Financial Lines Erfahrung, Wissen und Beratung<\/strong><\/li>\n<li><strong>Weniger Aufwand<\/strong> f\u00fcr Partner-Broker, Effizienz durch Digitalisierung von Prozess und <strong>Einfachheit in Bedienung<\/strong><\/li>\n<li>Beste verf\u00fcgbare Deckung, <strong>marktf\u00fchrende Konzepte<\/strong>, regelm\u00e4ssig aktualisiert<\/li>\n<li><strong>Einhaltung <\/strong>der <strong>neuesten und aktuellsten Normen und Vorschriften<\/strong><\/li>\n<li><strong>Reduziertes Berufshaftungsrisiko<\/strong><\/li>\n<li><strong>Partner-Broker beh\u00e4lt 100% der Kundenbeziehung<\/strong>, keine Konkurrenz, sondern Kooperation<\/li>\n<li><strong>Keine zus\u00e4tzlichen Kosten<\/strong> f\u00fcr Partner-Broker, aber bessere Servicequalit\u00e4t<\/li>\n<li>Kompetenz \/ Erfahrung \/ Einblicke und besserer <strong>Zugang zum Versicherer<\/strong><\/li>\n<li>Bessere <strong>Service Level Agreements<\/strong> mit Versicherern (durch Pooling-Volumen)<\/li>\n<li><strong>Sicheres Provisionsniveau<\/strong> (einige Versicherer \u00fcberpr\u00fcfen Provisionsniveaus in Abh\u00e4ngigkeit vom Pr\u00e4mienvolumen des jeweiligen Brokers \u2013 R\u00fcckstufungen bei geringeren Portfolios sind zu erwarten)<\/li>\n<li><strong>Kompetenter Partner<\/strong> im Hintergrund<\/li>\n<li><strong>Bessere Qualit\u00e4t durch Standardisierung<\/strong>, weniger zeitaufw\u00e4ndige Korrekturma\u00dfnahmen<\/li>\n<li><strong>Reduziertes Risiko des Verlusts von Kunden<\/strong> aufgrund von Fehlern und L\u00fccken in der Deckung (Partner-Broker k\u00f6nnen ihr FL Portfolio leichter gegen Konkurrenzmakler verteidigen).<\/li>\n<\/ul>\n<p>Wir bieten <strong>Partnerschaft<\/strong> \u2013 Macrinion will nicht den Broker konkurrieren, sondern mit dem Partner Broker kooperieren, erfolgreich zu sein. Zusammen sind wir st\u00e4rker!<\/p>","protected":false},"excerpt":{"rendered":"<p>Wir sind die etablierten Experten f\u00fcr Financial Lines. Mit uns gewinnen Sie einzigartige Einblicke in den FL-Versicherungsmarkt. Mit marktf\u00fchrenden Konzepten setzen wir Ma\u00dfst\u00e4be mit unserem Wissen und unserer Erfahrung und einem breiten FL-Netzwerk. Neben der m\u00fchelosen Verteidigung Ihres Portfolios ist die Plattform auch ein hervorragender Beschleuniger f\u00fcr das Wachstum neuer Gesch\u00e4fte. Wir haben Produkte entwickelt, [&hellip;]<\/p>\n","protected":false},"author":1,"featured_media":0,"parent":0,"menu_order":0,"comment_status":"closed","ping_status":"closed","template":"","meta":{"footnotes":""},"class_list":["post-147","page","type-page","status-publish","hentry"],"yoast_head":"<!-- This site is optimized with the Yoast SEO plugin v26.0 - https:\/\/yoast.com\/wordpress\/plugins\/seo\/ -->\n<title>FL-Platform - Ihre Vorteile - Macrinion<\/title>\n<meta name=\"description\" content=\"FL-Platform - Pre-negotiated Financial Lines contracts free of charge for brokers - high quality, reduced risk, directly online.\" \/>\n<meta name=\"robots\" content=\"index, follow, max-snippet:-1, max-image-preview:large, max-video-preview:-1\" \/>\n<link rel=\"canonical\" href=\"https:\/\/macrinion.com\/de\/fl-platform-your-benefits\/\" \/>\n<meta property=\"og:locale\" content=\"de_DE\" \/>\n<meta property=\"og:type\" content=\"article\" \/>\n<meta property=\"og:title\" content=\"FL-Platform - Ihre Vorteile - Macrinion\" \/>\n<meta property=\"og:description\" content=\"FL-Platform - Pre-negotiated Financial Lines contracts free of charge for brokers - high quality, reduced risk, directly online.\" \/>\n<meta property=\"og:url\" content=\"https:\/\/macrinion.com\/de\/fl-platform-your-benefits\/\" \/>\n<meta property=\"og:site_name\" content=\"Macrinion\" \/>\n<meta property=\"article:modified_time\" content=\"2025-06-02T16:44:57+00:00\" \/>\n<meta name=\"twitter:card\" content=\"summary_large_image\" \/>\n<meta name=\"twitter:label1\" content=\"Gesch\u00e4tzte Lesezeit\" \/>\n\t<meta name=\"twitter:data1\" content=\"2\u00a0Minuten\" \/>\n<script type=\"application\/ld+json\" class=\"yoast-schema-graph\">{\"@context\":\"https:\/\/schema.org\",\"@graph\":[{\"@type\":\"WebPage\",\"@id\":\"https:\/\/macrinion.com\/de\/fl-platform-your-benefits\/\",\"url\":\"https:\/\/macrinion.com\/de\/fl-platform-your-benefits\/\",\"name\":\"FL-Platform - Ihre Vorteile - Macrinion\",\"isPartOf\":{\"@id\":\"https:\/\/macrinion.com\/de\/#website\"},\"datePublished\":\"2025-05-16T15:49:44+00:00\",\"dateModified\":\"2025-06-02T16:44:57+00:00\",\"description\":\"FL-Platform - Pre-negotiated Financial Lines contracts free of charge for brokers - high quality, reduced risk, directly online.\",\"breadcrumb\":{\"@id\":\"https:\/\/macrinion.com\/de\/fl-platform-your-benefits\/#breadcrumb\"},\"inLanguage\":\"de\",\"potentialAction\":[{\"@type\":\"ReadAction\",\"target\":[[\"https:\/\/macrinion.com\/de\/fl-platform-your-benefits\/\"]]}]},{\"@type\":\"BreadcrumbList\",\"@id\":\"https:\/\/macrinion.com\/de\/fl-platform-your-benefits\/#breadcrumb\",\"itemListElement\":[{\"@type\":\"ListItem\",\"position\":1,\"name\":\"Home\",\"item\":\"https:\/\/macrinion.com\/de\/\"},{\"@type\":\"ListItem\",\"position\":2,\"name\":\"FL-Platform &#8211; Your Benefits\"}]},{\"@type\":\"WebSite\",\"@id\":\"https:\/\/macrinion.com\/de\/#website\",\"url\":\"https:\/\/macrinion.com\/de\/\",\"name\":\"Macrinion\",\"description\":\"Ventures\",\"publisher\":{\"@id\":\"https:\/\/macrinion.com\/de\/#organization\"},\"potentialAction\":[{\"@type\":\"SearchAction\",\"target\":{\"@type\":\"EntryPoint\",\"urlTemplate\":\"https:\/\/macrinion.com\/de\/?s={search_term_string}\"},\"query-input\":{\"@type\":\"PropertyValueSpecification\",\"valueRequired\":true,\"valueName\":\"search_term_string\"}}],\"inLanguage\":\"de\"},{\"@type\":\"Organization\",\"@id\":\"https:\/\/macrinion.com\/de\/#organization\",\"name\":\"Macrinion\",\"url\":\"https:\/\/macrinion.com\/de\/\",\"logo\":{\"@type\":\"ImageObject\",\"inLanguage\":\"de\",\"@id\":\"https:\/\/macrinion.com\/de\/#\/schema\/logo\/image\/\",\"url\":\"https:\/\/macrinion.com\/wp-content\/uploads\/2025\/06\/Macrinion_logo_DarkGreen_on_White_NotSteep_Alpha_smaller.png\",\"contentUrl\":\"https:\/\/macrinion.com\/wp-content\/uploads\/2025\/06\/Macrinion_logo_DarkGreen_on_White_NotSteep_Alpha_smaller.png\",\"width\":200,\"height\":175,\"caption\":\"Macrinion\"},\"image\":{\"@id\":\"https:\/\/macrinion.com\/de\/#\/schema\/logo\/image\/\"}}]}<\/script>\n<!-- \/ Yoast SEO plugin. -->","yoast_head_json":{"title":"FL-Platform - Ihre Vorteile - Macrinion","description":"FL-Platform - Pre-negotiated Financial Lines contracts free of charge for brokers - high quality, reduced risk, directly online.","robots":{"index":"index","follow":"follow","max-snippet":"max-snippet:-1","max-image-preview":"max-image-preview:large","max-video-preview":"max-video-preview:-1"},"canonical":"https:\/\/macrinion.com\/de\/fl-platform-your-benefits\/","og_locale":"de_DE","og_type":"article","og_title":"FL-Platform - Ihre Vorteile - Macrinion","og_description":"FL-Platform - Pre-negotiated Financial Lines contracts free of charge for brokers - high quality, reduced risk, directly online.","og_url":"https:\/\/macrinion.com\/de\/fl-platform-your-benefits\/","og_site_name":"Macrinion","article_modified_time":"2025-06-02T16:44:57+00:00","twitter_card":"summary_large_image","twitter_misc":{"Gesch\u00e4tzte Lesezeit":"2\u00a0Minuten"},"schema":{"@context":"https:\/\/schema.org","@graph":[{"@type":"WebPage","@id":"https:\/\/macrinion.com\/de\/fl-platform-your-benefits\/","url":"https:\/\/macrinion.com\/de\/fl-platform-your-benefits\/","name":"FL-Platform - Ihre Vorteile - Macrinion","isPartOf":{"@id":"https:\/\/macrinion.com\/de\/#website"},"datePublished":"2025-05-16T15:49:44+00:00","dateModified":"2025-06-02T16:44:57+00:00","description":"FL-Platform - Pre-negotiated Financial Lines contracts free of charge for brokers - high quality, reduced risk, directly online.","breadcrumb":{"@id":"https:\/\/macrinion.com\/de\/fl-platform-your-benefits\/#breadcrumb"},"inLanguage":"de","potentialAction":[{"@type":"ReadAction","target":[["https:\/\/macrinion.com\/de\/fl-platform-your-benefits\/"]]}]},{"@type":"BreadcrumbList","@id":"https:\/\/macrinion.com\/de\/fl-platform-your-benefits\/#breadcrumb","itemListElement":[{"@type":"ListItem","position":1,"name":"Home","item":"https:\/\/macrinion.com\/de\/"},{"@type":"ListItem","position":2,"name":"FL-Platform &#8211; Your Benefits"}]},{"@type":"WebSite","@id":"https:\/\/macrinion.com\/de\/#website","url":"https:\/\/macrinion.com\/de\/","name":"Macrinion","description":"Ventures","publisher":{"@id":"https:\/\/macrinion.com\/de\/#organization"},"potentialAction":[{"@type":"SearchAction","target":{"@type":"EntryPoint","urlTemplate":"https:\/\/macrinion.com\/de\/?s={search_term_string}"},"query-input":{"@type":"PropertyValueSpecification","valueRequired":true,"valueName":"search_term_string"}}],"inLanguage":"de"},{"@type":"Organization","@id":"https:\/\/macrinion.com\/de\/#organization","name":"Macrinion","url":"https:\/\/macrinion.com\/de\/","logo":{"@type":"ImageObject","inLanguage":"de","@id":"https:\/\/macrinion.com\/de\/#\/schema\/logo\/image\/","url":"https:\/\/macrinion.com\/wp-content\/uploads\/2025\/06\/Macrinion_logo_DarkGreen_on_White_NotSteep_Alpha_smaller.png","contentUrl":"https:\/\/macrinion.com\/wp-content\/uploads\/2025\/06\/Macrinion_logo_DarkGreen_on_White_NotSteep_Alpha_smaller.png","width":200,"height":175,"caption":"Macrinion"},"image":{"@id":"https:\/\/macrinion.com\/de\/#\/schema\/logo\/image\/"}}]}},"_links":{"self":[{"href":"https:\/\/macrinion.com\/de\/wp-json\/wp\/v2\/pages\/147","targetHints":{"allow":["GET"]}}],"collection":[{"href":"https:\/\/macrinion.com\/de\/wp-json\/wp\/v2\/pages"}],"about":[{"href":"https:\/\/macrinion.com\/de\/wp-json\/wp\/v2\/types\/page"}],"author":[{"embeddable":true,"href":"https:\/\/macrinion.com\/de\/wp-json\/wp\/v2\/users\/1"}],"replies":[{"embeddable":true,"href":"https:\/\/macrinion.com\/de\/wp-json\/wp\/v2\/comments?post=147"}],"version-history":[{"count":6,"href":"https:\/\/macrinion.com\/de\/wp-json\/wp\/v2\/pages\/147\/revisions"}],"predecessor-version":[{"id":208,"href":"https:\/\/macrinion.com\/de\/wp-json\/wp\/v2\/pages\/147\/revisions\/208"}],"wp:attachment":[{"href":"https:\/\/macrinion.com\/de\/wp-json\/wp\/v2\/media?parent=147"}],"curies":[{"name":"wp","href":"https:\/\/api.w.org\/{rel}","templated":true}]}}