{"id":150,"date":"2025-05-16T16:09:10","date_gmt":"2025-05-16T16:09:10","guid":{"rendered":"https:\/\/macrinion.com\/?page_id=150"},"modified":"2025-06-02T16:48:37","modified_gmt":"2025-06-02T16:48:37","slug":"fl-platform-concept-and-functionality","status":"publish","type":"page","link":"https:\/\/macrinion.com\/de\/fl-platform-concept-and-functionality\/","title":{"rendered":"FL-Platform &#8211; Konzept und Funktionalit\u00e4t"},"content":{"rendered":"<p><\/p>\n<h3><img loading=\"lazy\" decoding=\"async\" width=\"300\" height=\"300\" src=\"https:\/\/macrinion.com\/wp-content\/uploads\/2025\/05\/login_slide3-300x300.png\" alt=\"\" class=\"wp-image-15 alignright\" srcset=\"https:\/\/macrinion.com\/wp-content\/uploads\/2025\/05\/login_slide3-300x300.png 300w, https:\/\/macrinion.com\/wp-content\/uploads\/2025\/05\/login_slide3-150x150.png 150w, https:\/\/macrinion.com\/wp-content\/uploads\/2025\/05\/login_slide3-768x768.png 768w, https:\/\/macrinion.com\/wp-content\/uploads\/2025\/05\/login_slide3.png 1024w\" sizes=\"auto, (max-width: 300px) 100vw, 300px\" \/>Ausgangslage<\/h3>\n<p>Aus Erfahrung wissen wir, dass <strong>Financial Lines Produkte f\u00fcr die meisten Broker schwer zug\u00e4nglich<\/strong> und entsprechend m\u00fchsam sind. Die <strong>Produkt-Kenntnisse sind oft limitiert<\/strong> und der <strong>Aufwand zur Betreuung entsprechender Policen unverh\u00e4ltnism\u00e4ssig hoch.<\/strong> Die sich konstant \u00e4ndernden regulatorischen und rechtlichen Anforderungen erh\u00f6hen das <strong>Haftungsrisiko des Brokers<\/strong> wegen Fehlberatung zus\u00e4tzlich. Ungen\u00fcgende Beratung im Bereich FL kann schliesslich <strong>gute Beratung in anderen Bereichen zunichtemachen.<\/strong><\/p>\n<h3>Partnerschaft anstelle von Wettbewerb<\/h3>\n<p>Macrinion ist der <strong>Experte im Schweizer Markt f\u00fcr Financial Lines<\/strong> und <strong>der Partner Broker profitiert implizit vom Know-How, Erfahrung und Netzwerk<\/strong>.<\/p>\n<p>Macrinion verhandelt <strong>marktf\u00fchrende Versicherungsl\u00f6sungen<\/strong> und stellt diese dem Partner Broker zur Verf\u00fcgung. Der <strong>beste Anbieter<\/strong> (nach inhaltlicher Qualit\u00e4t und auch Preiseffizienz) erh\u00e4lt den Zuschlag f\u00fcr das jeweilige Produkt. Je nach Produkt k\u00f6nnen auch Panels mit mehreren Versicherern ausgew\u00e4hlt werden.<\/p>\n<p>Die verschiedenen Produkte werden <strong>regelm\u00e4ssig ausgeschrieben und auf Relevanz und Aktualit\u00e4t der Deckung \u00fcberpr\u00fcft<\/strong> \u2013 so <strong>entlasten wir den Partner Broker und reduzieren seine pers\u00f6nliches Haftungsrisiko<\/strong> aus der Kundenberatung. Zudem helfen wir dem Partner Broker, \u00fcber umfassende und qualitativ hochstehende Beratung mit seinen Kunden <strong>erfolgreich<\/strong> zu sein.<\/p>\n<p>Wichtig: der <strong>Partner Broker beh\u00e4lt die volle Kundenbeziehung<\/strong> \u2013 Macrinion agiert ausschliesslich als Enabler und im Hintergrund.<\/p>\n<p>Die Nutzung des Angebots ist f\u00fcr den Partner Broker zudem <strong>kostenlos<\/strong>!<\/p>\n<h3>Zusammenarbeit und wie Sie als Broker Zugang zur Plattform erhalten<\/h3>\n<p>Z\u00f6gern Sie nicht, uns bei Interesse zu kontaktieren. Wir senden Ihnen in K\u00fcrze eine Zusammenarbeitsvereinbarung\u2013 und schon erhalten sie Zugangsdaten und k\u00f6nnen starten.<\/p>\n<ul>\n<li>Sie erhalten von Macrinion die Zugangsdaten<\/li>\n<li>Nach Erhalt k\u00f6nnen Sie sich einloggen, Produkte auf der webbasierten Plattform w\u00e4hlen, in wenigen Minuten Offerten einholen und Policen abschliessen.<\/li>\n<li>Sie erhalten, abh\u00e4ngig vom gew\u00e4hlten Produkt, eine \u00dcbersicht der zu beantwortenden Fragen zum Risiko. Diese beantworten Sie in ein paar Minuten per Drop down und tick box und Sie erhalten direkt danach eine verbindliche Offerte mit bis zu 3 Limit-Optionen, die Sie mit dem Kunden besprechen k\u00f6nnen.<\/li>\n<li>Es gibt keine Interaktion mit dem Versicherer, keine langwierige Korrespondenz\u00a0mit dem Underwriter mehr. Bei Einverst\u00e4ndnis des Kunden klicken Sie in Ihrem Profil \u201caccept\u201d zur gew\u00fcnschten Offertvariante und erhalten unmittelbar danach die Police zusammen mit der Rechnung als pdf, die Sie per email an Ihren Kunden weiterleiten k\u00f6nnen. Eine Deckungszusage entf\u00e4llt und es erfolgt direkt die finale Police.<\/li>\n<li>Sie haben mit der Plattform ein Verwaltungstool und k\u00f6nnen jederzeit und einfach \/ auf einen Blick auf eine \u00dcbersicht zugreifen und Details zu den jeweiligen Vertr\u00e4gen abrufen. Vor Erneuerung erhalten Sie zu Ihren Vertr\u00e4gen zudem in Ihrem Profil eine automatische Erinnerungs-Meldung.<\/li>\n<li>Falls Gr\u00fcnde vorliegen, die einen direkten Abschluss \u00fcber die Plattform ausnahmsweise verhindern, hilft Ihnen die Plattform den Kontakt mit dem Insurer herzustellen im Rahmen der Einzelfall-Pr\u00fcfung.<\/li>\n<\/ul>\n<h3>In einem pers\u00f6nlichen Gespr\u00e4ch mit Macrinion gewinnen Sie eine \u00dcbersicht und erfahren im Detail, was die Plattform leistet \u2013 wir freuen uns auf Ihre Kontaktnahme!<\/h3>\n<p>Weiter lesen: <a href=\"\/index.php\/fl-platform-your-benefits\"><strong>Ihre Vorteile<\/strong><\/a><\/p>","protected":false},"excerpt":{"rendered":"<p>Ausgangslage Aus Erfahrung wissen wir, dass Financial Lines Produkte f\u00fcr die meisten Broker schwer zug\u00e4nglich und entsprechend m\u00fchsam sind. Die Produkt-Kenntnisse sind oft limitiert und der Aufwand zur Betreuung entsprechender Policen unverh\u00e4ltnism\u00e4ssig hoch. Die sich konstant \u00e4ndernden regulatorischen und rechtlichen Anforderungen erh\u00f6hen das Haftungsrisiko des Brokers wegen Fehlberatung zus\u00e4tzlich. Ungen\u00fcgende Beratung im Bereich FL kann [&hellip;]<\/p>\n","protected":false},"author":1,"featured_media":0,"parent":0,"menu_order":0,"comment_status":"closed","ping_status":"closed","template":"","meta":{"footnotes":""},"class_list":["post-150","page","type-page","status-publish","hentry"],"yoast_head":"<!-- This site is optimized with the Yoast SEO plugin v26.0 - https:\/\/yoast.com\/wordpress\/plugins\/seo\/ -->\n<title>FL-Platform - Konzept und Funktionalit\u00e4t - Macrinion<\/title>\n<meta name=\"description\" content=\"Overcome Financial Lines difficulties - request online access to the FL-Platform and immediately benefit from Financial Lines expertise and contracts.\" \/>\n<meta name=\"robots\" content=\"index, follow, max-snippet:-1, max-image-preview:large, max-video-preview:-1\" \/>\n<link rel=\"canonical\" href=\"https:\/\/macrinion.com\/de\/fl-platform-concept-and-functionality\/\" \/>\n<meta property=\"og:locale\" content=\"de_DE\" \/>\n<meta property=\"og:type\" content=\"article\" \/>\n<meta property=\"og:title\" content=\"FL-Platform - Konzept und Funktionalit\u00e4t - Macrinion\" \/>\n<meta property=\"og:description\" content=\"Overcome Financial Lines difficulties - request online access to the FL-Platform and immediately benefit from Financial Lines expertise and contracts.\" \/>\n<meta property=\"og:url\" content=\"https:\/\/macrinion.com\/de\/fl-platform-concept-and-functionality\/\" \/>\n<meta property=\"og:site_name\" content=\"Macrinion\" \/>\n<meta property=\"article:modified_time\" content=\"2025-06-02T16:48:37+00:00\" \/>\n<meta property=\"og:image\" content=\"https:\/\/macrinion.com\/wp-content\/uploads\/2025\/05\/login_slide3-300x300.png\" \/>\n<meta name=\"twitter:card\" content=\"summary_large_image\" \/>\n<meta name=\"twitter:label1\" content=\"Gesch\u00e4tzte Lesezeit\" \/>\n\t<meta name=\"twitter:data1\" content=\"3\u00a0Minuten\" \/>\n<script type=\"application\/ld+json\" class=\"yoast-schema-graph\">{\"@context\":\"https:\/\/schema.org\",\"@graph\":[{\"@type\":\"WebPage\",\"@id\":\"https:\/\/macrinion.com\/de\/fl-platform-concept-and-functionality\/\",\"url\":\"https:\/\/macrinion.com\/de\/fl-platform-concept-and-functionality\/\",\"name\":\"FL-Platform - Konzept und Funktionalit\u00e4t - Macrinion\",\"isPartOf\":{\"@id\":\"https:\/\/macrinion.com\/de\/#website\"},\"primaryImageOfPage\":{\"@id\":\"https:\/\/macrinion.com\/de\/fl-platform-concept-and-functionality\/#primaryimage\"},\"image\":{\"@id\":\"https:\/\/macrinion.com\/fl-platform-concept-and-functionality\/#primaryimage\"},\"thumbnailUrl\":\"https:\/\/macrinion.com\/wp-content\/uploads\/2025\/05\/login_slide3-300x300.png\",\"datePublished\":\"2025-05-16T16:09:10+00:00\",\"dateModified\":\"2025-06-02T16:48:37+00:00\",\"description\":\"Overcome Financial Lines difficulties - request online access to the FL-Platform and immediately benefit from Financial Lines expertise and contracts.\",\"breadcrumb\":{\"@id\":\"https:\/\/macrinion.com\/de\/fl-platform-concept-and-functionality\/#breadcrumb\"},\"inLanguage\":\"de\",\"potentialAction\":[{\"@type\":\"ReadAction\",\"target\":[[\"https:\/\/macrinion.com\/de\/fl-platform-concept-and-functionality\/\"]]}]},{\"@type\":\"ImageObject\",\"inLanguage\":\"de\",\"@id\":\"https:\/\/macrinion.com\/de\/fl-platform-concept-and-functionality\/#primaryimage\",\"url\":\"https:\/\/macrinion.com\/wp-content\/uploads\/2025\/05\/login_slide3-300x300.png\",\"contentUrl\":\"https:\/\/macrinion.com\/wp-content\/uploads\/2025\/05\/login_slide3-300x300.png\"},{\"@type\":\"BreadcrumbList\",\"@id\":\"https:\/\/macrinion.com\/de\/fl-platform-concept-and-functionality\/#breadcrumb\",\"itemListElement\":[{\"@type\":\"ListItem\",\"position\":1,\"name\":\"Home\",\"item\":\"https:\/\/macrinion.com\/de\/\"},{\"@type\":\"ListItem\",\"position\":2,\"name\":\"FL-Platform &#8211; Concept and Functionality\"}]},{\"@type\":\"WebSite\",\"@id\":\"https:\/\/macrinion.com\/de\/#website\",\"url\":\"https:\/\/macrinion.com\/de\/\",\"name\":\"Macrinion\",\"description\":\"Ventures\",\"publisher\":{\"@id\":\"https:\/\/macrinion.com\/de\/#organization\"},\"potentialAction\":[{\"@type\":\"SearchAction\",\"target\":{\"@type\":\"EntryPoint\",\"urlTemplate\":\"https:\/\/macrinion.com\/de\/?s={search_term_string}\"},\"query-input\":{\"@type\":\"PropertyValueSpecification\",\"valueRequired\":true,\"valueName\":\"search_term_string\"}}],\"inLanguage\":\"de\"},{\"@type\":\"Organization\",\"@id\":\"https:\/\/macrinion.com\/de\/#organization\",\"name\":\"Macrinion\",\"url\":\"https:\/\/macrinion.com\/de\/\",\"logo\":{\"@type\":\"ImageObject\",\"inLanguage\":\"de\",\"@id\":\"https:\/\/macrinion.com\/de\/#\/schema\/logo\/image\/\",\"url\":\"https:\/\/macrinion.com\/wp-content\/uploads\/2025\/06\/Macrinion_logo_DarkGreen_on_White_NotSteep_Alpha_smaller.png\",\"contentUrl\":\"https:\/\/macrinion.com\/wp-content\/uploads\/2025\/06\/Macrinion_logo_DarkGreen_on_White_NotSteep_Alpha_smaller.png\",\"width\":200,\"height\":175,\"caption\":\"Macrinion\"},\"image\":{\"@id\":\"https:\/\/macrinion.com\/de\/#\/schema\/logo\/image\/\"}}]}<\/script>\n<!-- \/ Yoast SEO plugin. -->","yoast_head_json":{"title":"FL-Platform - Konzept und Funktionalit\u00e4t - Macrinion","description":"Overcome Financial Lines difficulties - request online access to the FL-Platform and immediately benefit from Financial Lines expertise and contracts.","robots":{"index":"index","follow":"follow","max-snippet":"max-snippet:-1","max-image-preview":"max-image-preview:large","max-video-preview":"max-video-preview:-1"},"canonical":"https:\/\/macrinion.com\/de\/fl-platform-concept-and-functionality\/","og_locale":"de_DE","og_type":"article","og_title":"FL-Platform - Konzept und Funktionalit\u00e4t - Macrinion","og_description":"Overcome Financial Lines difficulties - request online access to the FL-Platform and immediately benefit from Financial Lines expertise and contracts.","og_url":"https:\/\/macrinion.com\/de\/fl-platform-concept-and-functionality\/","og_site_name":"Macrinion","article_modified_time":"2025-06-02T16:48:37+00:00","og_image":[{"url":"https:\/\/macrinion.com\/wp-content\/uploads\/2025\/05\/login_slide3-300x300.png","type":"","width":"","height":""}],"twitter_card":"summary_large_image","twitter_misc":{"Gesch\u00e4tzte Lesezeit":"3\u00a0Minuten"},"schema":{"@context":"https:\/\/schema.org","@graph":[{"@type":"WebPage","@id":"https:\/\/macrinion.com\/de\/fl-platform-concept-and-functionality\/","url":"https:\/\/macrinion.com\/de\/fl-platform-concept-and-functionality\/","name":"FL-Platform - Konzept und Funktionalit\u00e4t - Macrinion","isPartOf":{"@id":"https:\/\/macrinion.com\/de\/#website"},"primaryImageOfPage":{"@id":"https:\/\/macrinion.com\/de\/fl-platform-concept-and-functionality\/#primaryimage"},"image":{"@id":"https:\/\/macrinion.com\/fl-platform-concept-and-functionality\/#primaryimage"},"thumbnailUrl":"https:\/\/macrinion.com\/wp-content\/uploads\/2025\/05\/login_slide3-300x300.png","datePublished":"2025-05-16T16:09:10+00:00","dateModified":"2025-06-02T16:48:37+00:00","description":"Overcome Financial Lines difficulties - request online access to the FL-Platform and immediately benefit from Financial Lines expertise and contracts.","breadcrumb":{"@id":"https:\/\/macrinion.com\/de\/fl-platform-concept-and-functionality\/#breadcrumb"},"inLanguage":"de","potentialAction":[{"@type":"ReadAction","target":[["https:\/\/macrinion.com\/de\/fl-platform-concept-and-functionality\/"]]}]},{"@type":"ImageObject","inLanguage":"de","@id":"https:\/\/macrinion.com\/de\/fl-platform-concept-and-functionality\/#primaryimage","url":"https:\/\/macrinion.com\/wp-content\/uploads\/2025\/05\/login_slide3-300x300.png","contentUrl":"https:\/\/macrinion.com\/wp-content\/uploads\/2025\/05\/login_slide3-300x300.png"},{"@type":"BreadcrumbList","@id":"https:\/\/macrinion.com\/de\/fl-platform-concept-and-functionality\/#breadcrumb","itemListElement":[{"@type":"ListItem","position":1,"name":"Home","item":"https:\/\/macrinion.com\/de\/"},{"@type":"ListItem","position":2,"name":"FL-Platform &#8211; Concept and Functionality"}]},{"@type":"WebSite","@id":"https:\/\/macrinion.com\/de\/#website","url":"https:\/\/macrinion.com\/de\/","name":"Macrinion","description":"Ventures","publisher":{"@id":"https:\/\/macrinion.com\/de\/#organization"},"potentialAction":[{"@type":"SearchAction","target":{"@type":"EntryPoint","urlTemplate":"https:\/\/macrinion.com\/de\/?s={search_term_string}"},"query-input":{"@type":"PropertyValueSpecification","valueRequired":true,"valueName":"search_term_string"}}],"inLanguage":"de"},{"@type":"Organization","@id":"https:\/\/macrinion.com\/de\/#organization","name":"Macrinion","url":"https:\/\/macrinion.com\/de\/","logo":{"@type":"ImageObject","inLanguage":"de","@id":"https:\/\/macrinion.com\/de\/#\/schema\/logo\/image\/","url":"https:\/\/macrinion.com\/wp-content\/uploads\/2025\/06\/Macrinion_logo_DarkGreen_on_White_NotSteep_Alpha_smaller.png","contentUrl":"https:\/\/macrinion.com\/wp-content\/uploads\/2025\/06\/Macrinion_logo_DarkGreen_on_White_NotSteep_Alpha_smaller.png","width":200,"height":175,"caption":"Macrinion"},"image":{"@id":"https:\/\/macrinion.com\/de\/#\/schema\/logo\/image\/"}}]}},"_links":{"self":[{"href":"https:\/\/macrinion.com\/de\/wp-json\/wp\/v2\/pages\/150","targetHints":{"allow":["GET"]}}],"collection":[{"href":"https:\/\/macrinion.com\/de\/wp-json\/wp\/v2\/pages"}],"about":[{"href":"https:\/\/macrinion.com\/de\/wp-json\/wp\/v2\/types\/page"}],"author":[{"embeddable":true,"href":"https:\/\/macrinion.com\/de\/wp-json\/wp\/v2\/users\/1"}],"replies":[{"embeddable":true,"href":"https:\/\/macrinion.com\/de\/wp-json\/wp\/v2\/comments?post=150"}],"version-history":[{"count":9,"href":"https:\/\/macrinion.com\/de\/wp-json\/wp\/v2\/pages\/150\/revisions"}],"predecessor-version":[{"id":210,"href":"https:\/\/macrinion.com\/de\/wp-json\/wp\/v2\/pages\/150\/revisions\/210"}],"wp:attachment":[{"href":"https:\/\/macrinion.com\/de\/wp-json\/wp\/v2\/media?parent=150"}],"curies":[{"name":"wp","href":"https:\/\/api.w.org\/{rel}","templated":true}]}}