{"id":16,"date":"2025-05-15T10:46:07","date_gmt":"2025-05-15T10:46:07","guid":{"rendered":"https:\/\/macrinion.com\/?page_id=16"},"modified":"2025-06-02T16:53:20","modified_gmt":"2025-06-02T16:53:20","slug":"fl-platform","status":"publish","type":"page","link":"https:\/\/macrinion.com\/de\/fl-platform\/","title":{"rendered":"FL-Platform &#8211; Einf\u00fchrung"},"content":{"rendered":"<p><\/p>\n<h3><img loading=\"lazy\" decoding=\"async\" class=\"wp-image-1315 alignright\" src=\"\/wp-content\/uploads\/2025\/05\/Login.jpg\" alt=\"\" width=\"424\" height=\"283\" \/><\/h3>\n<p>Macrinion lanciert die <strong>Online Plattform f\u00fcr Financial Lines<\/strong> in der Schweiz!<\/p>\n<p>Die FL Plattform deckt die <strong>gesamte Wertsch\u00f6pfungskette des Versicherers<\/strong> ab \u2013 von der Ausschreibung und Risikopr\u00fcfung \u00fcber die Offertstellung bis hin zur Police und dem Rechnungsversand. Sie beinhaltet folgende Eckdaten:<\/p>\n<ul>\n<li>Die Online Plattform erm\u00f6glicht den Abschluss von <strong>FL-Vertr\u00e4ge f\u00fcr KMU Risiken<\/strong><\/li>\n<li>Die FL Plattform deckt <strong>alle g\u00e4ngigen FL Produkte<\/strong> ab<\/li>\n<li>Aufgrund der Digitalisierung ist die Plattform <strong>24\/7 und von \u00fcberall flexibel abruf- und nutzbar<\/strong><\/li>\n<li>Die FL Plattform verbindet<strong> FL-Fachkenntnisse des Experten mit technischer Innovation<\/strong><\/li>\n<li>Macrinion schreibt die verschiedenen FL Deckungen aus und verhandelt\u00a0<strong>marktf\u00fchrende Versicherungskonzepte mit etablierten FL-Versicherern<\/strong><\/li>\n<li>Die <strong>Bedingungswerke und Rater werden mittels komplexer Algorithmen in der Plattform eingebaut<\/strong><\/li>\n<\/ul>\n<p>Der Markt wird kontinuierlich beobachtet und es findet eine\u00a0<strong>periodische\u00a0\u00dcberpr\u00fcfung der Konditionen<\/strong> statt.<\/p>\n<p>Weiter lesen: <a href=\"\/index.php\/fl-platform-concept-and-functionality\"><strong>Konzept und Funktionalit\u00e4t<\/strong><\/a><\/p>","protected":false},"excerpt":{"rendered":"<p>Macrinion lanciert die Online Plattform f\u00fcr Financial Lines in der Schweiz! Die FL Plattform deckt die gesamte Wertsch\u00f6pfungskette des Versicherers ab \u2013 von der Ausschreibung und Risikopr\u00fcfung \u00fcber die Offertstellung bis hin zur Police und dem Rechnungsversand. Sie beinhaltet folgende Eckdaten: Die Online Plattform erm\u00f6glicht den Abschluss von FL-Vertr\u00e4ge f\u00fcr KMU Risiken Die FL Plattform [&hellip;]<\/p>\n","protected":false},"author":1,"featured_media":0,"parent":0,"menu_order":0,"comment_status":"closed","ping_status":"closed","template":"","meta":{"footnotes":""},"class_list":["post-16","page","type-page","status-publish","hentry"],"yoast_head":"<!-- This site is optimized with the Yoast SEO plugin v26.0 - https:\/\/yoast.com\/wordpress\/plugins\/seo\/ -->\n<title>FL-Platform - Einf\u00fchrung - Macrinion<\/title>\n<meta name=\"robots\" content=\"index, follow, max-snippet:-1, max-image-preview:large, max-video-preview:-1\" \/>\n<link rel=\"canonical\" href=\"https:\/\/macrinion.com\/de\/fl-platform\/\" \/>\n<meta property=\"og:locale\" content=\"de_DE\" \/>\n<meta property=\"og:type\" content=\"article\" \/>\n<meta property=\"og:title\" content=\"FL-Platform - Einf\u00fchrung - Macrinion\" \/>\n<meta property=\"og:description\" content=\"Macrinion lanciert die Online Plattform f\u00fcr Financial Lines in der Schweiz! Die FL Plattform deckt die gesamte Wertsch\u00f6pfungskette des Versicherers ab \u2013 von der Ausschreibung und Risikopr\u00fcfung \u00fcber die Offertstellung bis hin zur Police und dem Rechnungsversand. Sie beinhaltet folgende Eckdaten: Die Online Plattform erm\u00f6glicht den Abschluss von FL-Vertr\u00e4ge f\u00fcr KMU Risiken Die FL Plattform [&hellip;]\" \/>\n<meta property=\"og:url\" content=\"https:\/\/macrinion.com\/de\/fl-platform\/\" \/>\n<meta property=\"og:site_name\" content=\"Macrinion\" \/>\n<meta property=\"article:modified_time\" content=\"2025-06-02T16:53:20+00:00\" \/>\n<meta name=\"twitter:card\" content=\"summary_large_image\" \/>\n<meta name=\"twitter:label1\" content=\"Gesch\u00e4tzte Lesezeit\" \/>\n\t<meta name=\"twitter:data1\" content=\"1\u00a0Minute\" \/>\n<script type=\"application\/ld+json\" class=\"yoast-schema-graph\">{\"@context\":\"https:\/\/schema.org\",\"@graph\":[{\"@type\":\"WebPage\",\"@id\":\"https:\/\/macrinion.com\/de\/fl-platform\/\",\"url\":\"https:\/\/macrinion.com\/de\/fl-platform\/\",\"name\":\"FL-Platform - Einf\u00fchrung - Macrinion\",\"isPartOf\":{\"@id\":\"https:\/\/macrinion.com\/de\/#website\"},\"datePublished\":\"2025-05-15T10:46:07+00:00\",\"dateModified\":\"2025-06-02T16:53:20+00:00\",\"breadcrumb\":{\"@id\":\"https:\/\/macrinion.com\/de\/fl-platform\/#breadcrumb\"},\"inLanguage\":\"de\",\"potentialAction\":[{\"@type\":\"ReadAction\",\"target\":[[\"https:\/\/macrinion.com\/de\/fl-platform\/\"]]}]},{\"@type\":\"BreadcrumbList\",\"@id\":\"https:\/\/macrinion.com\/de\/fl-platform\/#breadcrumb\",\"itemListElement\":[{\"@type\":\"ListItem\",\"position\":1,\"name\":\"Home\",\"item\":\"https:\/\/macrinion.com\/de\/\"},{\"@type\":\"ListItem\",\"position\":2,\"name\":\"FL-Platform &#8211; Introduction\"}]},{\"@type\":\"WebSite\",\"@id\":\"https:\/\/macrinion.com\/de\/#website\",\"url\":\"https:\/\/macrinion.com\/de\/\",\"name\":\"Macrinion\",\"description\":\"Ventures\",\"publisher\":{\"@id\":\"https:\/\/macrinion.com\/de\/#organization\"},\"potentialAction\":[{\"@type\":\"SearchAction\",\"target\":{\"@type\":\"EntryPoint\",\"urlTemplate\":\"https:\/\/macrinion.com\/de\/?s={search_term_string}\"},\"query-input\":{\"@type\":\"PropertyValueSpecification\",\"valueRequired\":true,\"valueName\":\"search_term_string\"}}],\"inLanguage\":\"de\"},{\"@type\":\"Organization\",\"@id\":\"https:\/\/macrinion.com\/de\/#organization\",\"name\":\"Macrinion\",\"url\":\"https:\/\/macrinion.com\/de\/\",\"logo\":{\"@type\":\"ImageObject\",\"inLanguage\":\"de\",\"@id\":\"https:\/\/macrinion.com\/de\/#\/schema\/logo\/image\/\",\"url\":\"https:\/\/macrinion.com\/wp-content\/uploads\/2025\/06\/Macrinion_logo_DarkGreen_on_White_NotSteep_Alpha_smaller.png\",\"contentUrl\":\"https:\/\/macrinion.com\/wp-content\/uploads\/2025\/06\/Macrinion_logo_DarkGreen_on_White_NotSteep_Alpha_smaller.png\",\"width\":200,\"height\":175,\"caption\":\"Macrinion\"},\"image\":{\"@id\":\"https:\/\/macrinion.com\/de\/#\/schema\/logo\/image\/\"}}]}<\/script>\n<!-- \/ Yoast SEO plugin. -->","yoast_head_json":{"title":"FL-Platform - Einf\u00fchrung - Macrinion","robots":{"index":"index","follow":"follow","max-snippet":"max-snippet:-1","max-image-preview":"max-image-preview:large","max-video-preview":"max-video-preview:-1"},"canonical":"https:\/\/macrinion.com\/de\/fl-platform\/","og_locale":"de_DE","og_type":"article","og_title":"FL-Platform - Einf\u00fchrung - Macrinion","og_description":"Macrinion lanciert die Online Plattform f\u00fcr Financial Lines in der Schweiz! Die FL Plattform deckt die gesamte Wertsch\u00f6pfungskette des Versicherers ab \u2013 von der Ausschreibung und Risikopr\u00fcfung \u00fcber die Offertstellung bis hin zur Police und dem Rechnungsversand. Sie beinhaltet folgende Eckdaten: Die Online Plattform erm\u00f6glicht den Abschluss von FL-Vertr\u00e4ge f\u00fcr KMU Risiken Die FL Plattform [&hellip;]","og_url":"https:\/\/macrinion.com\/de\/fl-platform\/","og_site_name":"Macrinion","article_modified_time":"2025-06-02T16:53:20+00:00","twitter_card":"summary_large_image","twitter_misc":{"Gesch\u00e4tzte Lesezeit":"1\u00a0Minute"},"schema":{"@context":"https:\/\/schema.org","@graph":[{"@type":"WebPage","@id":"https:\/\/macrinion.com\/de\/fl-platform\/","url":"https:\/\/macrinion.com\/de\/fl-platform\/","name":"FL-Platform - Einf\u00fchrung - Macrinion","isPartOf":{"@id":"https:\/\/macrinion.com\/de\/#website"},"datePublished":"2025-05-15T10:46:07+00:00","dateModified":"2025-06-02T16:53:20+00:00","breadcrumb":{"@id":"https:\/\/macrinion.com\/de\/fl-platform\/#breadcrumb"},"inLanguage":"de","potentialAction":[{"@type":"ReadAction","target":[["https:\/\/macrinion.com\/de\/fl-platform\/"]]}]},{"@type":"BreadcrumbList","@id":"https:\/\/macrinion.com\/de\/fl-platform\/#breadcrumb","itemListElement":[{"@type":"ListItem","position":1,"name":"Home","item":"https:\/\/macrinion.com\/de\/"},{"@type":"ListItem","position":2,"name":"FL-Platform &#8211; Introduction"}]},{"@type":"WebSite","@id":"https:\/\/macrinion.com\/de\/#website","url":"https:\/\/macrinion.com\/de\/","name":"Macrinion","description":"Ventures","publisher":{"@id":"https:\/\/macrinion.com\/de\/#organization"},"potentialAction":[{"@type":"SearchAction","target":{"@type":"EntryPoint","urlTemplate":"https:\/\/macrinion.com\/de\/?s={search_term_string}"},"query-input":{"@type":"PropertyValueSpecification","valueRequired":true,"valueName":"search_term_string"}}],"inLanguage":"de"},{"@type":"Organization","@id":"https:\/\/macrinion.com\/de\/#organization","name":"Macrinion","url":"https:\/\/macrinion.com\/de\/","logo":{"@type":"ImageObject","inLanguage":"de","@id":"https:\/\/macrinion.com\/de\/#\/schema\/logo\/image\/","url":"https:\/\/macrinion.com\/wp-content\/uploads\/2025\/06\/Macrinion_logo_DarkGreen_on_White_NotSteep_Alpha_smaller.png","contentUrl":"https:\/\/macrinion.com\/wp-content\/uploads\/2025\/06\/Macrinion_logo_DarkGreen_on_White_NotSteep_Alpha_smaller.png","width":200,"height":175,"caption":"Macrinion"},"image":{"@id":"https:\/\/macrinion.com\/de\/#\/schema\/logo\/image\/"}}]}},"_links":{"self":[{"href":"https:\/\/macrinion.com\/de\/wp-json\/wp\/v2\/pages\/16","targetHints":{"allow":["GET"]}}],"collection":[{"href":"https:\/\/macrinion.com\/de\/wp-json\/wp\/v2\/pages"}],"about":[{"href":"https:\/\/macrinion.com\/de\/wp-json\/wp\/v2\/types\/page"}],"author":[{"embeddable":true,"href":"https:\/\/macrinion.com\/de\/wp-json\/wp\/v2\/users\/1"}],"replies":[{"embeddable":true,"href":"https:\/\/macrinion.com\/de\/wp-json\/wp\/v2\/comments?post=16"}],"version-history":[{"count":12,"href":"https:\/\/macrinion.com\/de\/wp-json\/wp\/v2\/pages\/16\/revisions"}],"predecessor-version":[{"id":213,"href":"https:\/\/macrinion.com\/de\/wp-json\/wp\/v2\/pages\/16\/revisions\/213"}],"wp:attachment":[{"href":"https:\/\/macrinion.com\/de\/wp-json\/wp\/v2\/media?parent=16"}],"curies":[{"name":"wp","href":"https:\/\/api.w.org\/{rel}","templated":true}]}}