{"id":18,"date":"2025-05-15T10:46:07","date_gmt":"2025-05-15T10:46:07","guid":{"rendered":"https:\/\/macrinion.com\/?page_id=18"},"modified":"2025-08-06T07:04:50","modified_gmt":"2025-08-06T07:04:50","slug":"about-us","status":"publish","type":"page","link":"https:\/\/macrinion.com\/de\/about-us\/","title":{"rendered":"Team"},"content":{"rendered":"<p><img loading=\"lazy\" decoding=\"async\" class=\"alignright size-full wp-image-872\" src=\"\/wp-content\/uploads\/2025\/05\/m_haefeli-1.jpg\" alt=\"\" width=\"270\" height=\"350\" \/><\/p>\n<p>&nbsp;<\/p>\n<p><strong>Markus Haefeli,<\/strong> Managing Partner<br \/>\nlic.oec.HSG et M.A.HSG in Legal Studies<\/p>\n<p>Mobil:\u00a0 \u00a0+41 (0)79 384 98 66<br \/>\nEmail:\u00a0 \u00a0markus.haefeli@macrinion.com<\/p>\n<ul>\n<li><strong>Head Financial Lines<\/strong>, Schweiz, Z\u00fcrich Versicherungs-Gesellschaft AG, 2014-2018<\/li>\n<li><strong>Manager Commercial Institutions, Financial Lines<\/strong>, Schweiz &amp; \u00d6sterreich, AIG Europe Limited, London, 2010-2014<\/li>\n<li>Bis 2010: Verschiedene Beratungsmandate f\u00fcr grosse Versicherungsgesellschaften (Swiss Re, B\u00e2loise) und Banken (Credit-Suisse, UBS,<br \/>\nDeutsche Bank)<\/li>\n<li>Wirtschaftswissenschaftler und Jurist<\/li>\n<li>Umfassende Erfahrung im FL-Versicherungsgesch\u00e4ft und langj\u00e4hrige F\u00fchrungspositionen bei namhaften FL-Versicherern<\/li>\n<li>Hat mehrere Fachartikel ver\u00f6ffentlicht und Vortr\u00e4ge bei Seminaren gehalten<\/li>\n<\/ul>\n<p><a href=\"http:\/\/www.linkedin.com\/in\/markus-haefeli-670a022\/\"><i class=\"fa fa-linkedin\"><\/i> LinkedIn<\/a>\u00a0\u00a0\u00a0<a href=\"https:\/\/www.xing.com\/profile\/Markus_Haefeli\/cv?sc_o=da980_e\/\"><i class=\"fa fa-xing\"><\/i> Xing<\/a><\/p>\n<p>&nbsp;<\/p>\n<p><strong>Cristian I. Duda<\/strong>, Managing Partner, Chief Digital Officer<img loading=\"lazy\" decoding=\"async\" class=\"size-full wp-image-2139 alignright\" src=\"\/wp-content\/uploads\/2025\/05\/CD-1-1.png\" alt=\"\" width=\"270\" height=\"350\" \/><br \/>\nDr. rer. nat. ETH<\/p>\n<p>Mobile: +41 (0)75 401 29 39<br \/>\nEmail: cristian.duda@macrinion.com<\/p>\n<ul>\n<li>Lead, Digital Identity, World Economic Forum<\/li>\n<li>Management Consulting, Accenture<\/li>\n<li>Kompetenz in Digitalisierung und Daten-\/Plattforml\u00f6sungen<\/li>\n<li>Verschiedene Beratungsmandate f\u00fcr grosse multinationale Konzerne im Bereich der\n<ul>\n<li>Customer &amp; Channels, Digital Customer<\/li>\n<li>Commercial &amp; Advanced Analytics<\/li>\n<li>User Experience<\/li>\n<li>Business IT<\/li>\n<\/ul>\n<\/li>\n<li>Multichannel Customer Engagement Strategies<\/li>\n<li>Kenntnise der neuesten Entwicklungen im Bereich Business &amp; Technology<\/li>\n<\/ul>\n<p><a href=\"https:\/\/www.linkedin.com\/in\/cristian-i-duda-9a92a21\/\"><i class=\"fa fa-linkedin\"><\/i> LinkedIn<\/a> <a href=\"https:\/\/www.xing.com\/profile\/Cristian_Duda\/\"><i class=\"fa fa-xing\"><\/i> Xing<\/a><\/p>\n<p>&nbsp;<\/p>","protected":false},"excerpt":{"rendered":"<p>&nbsp; Markus Haefeli, Managing Partner lic.oec.HSG et M.A.HSG in Legal Studies Mobil:\u00a0 \u00a0+41 (0)79 384 98 66 Email:\u00a0 \u00a0markus.haefeli@macrinion.com Head Financial Lines, Schweiz, Z\u00fcrich Versicherungs-Gesellschaft AG, 2014-2018 Manager Commercial Institutions, Financial Lines, Schweiz &amp; \u00d6sterreich, AIG Europe Limited, London, 2010-2014 Bis 2010: Verschiedene Beratungsmandate f\u00fcr grosse Versicherungsgesellschaften (Swiss Re, B\u00e2loise) und Banken (Credit-Suisse, UBS, Deutsche [&hellip;]<\/p>\n","protected":false},"author":1,"featured_media":0,"parent":0,"menu_order":0,"comment_status":"closed","ping_status":"closed","template":"","meta":{"footnotes":""},"class_list":["post-18","page","type-page","status-publish","hentry"],"yoast_head":"<!-- This site is optimized with the Yoast SEO plugin v26.0 - https:\/\/yoast.com\/wordpress\/plugins\/seo\/ -->\n<title>Team - Macrinion<\/title>\n<meta name=\"robots\" content=\"index, follow, max-snippet:-1, max-image-preview:large, max-video-preview:-1\" \/>\n<link rel=\"canonical\" href=\"https:\/\/macrinion.com\/de\/about-us\/\" \/>\n<meta property=\"og:locale\" content=\"de_DE\" \/>\n<meta property=\"og:type\" content=\"article\" \/>\n<meta property=\"og:title\" content=\"Team - Macrinion\" \/>\n<meta property=\"og:description\" content=\"&nbsp; Markus Haefeli, Managing Partner lic.oec.HSG et M.A.HSG in Legal Studies Mobil:\u00a0 \u00a0+41 (0)79 384 98 66 Email:\u00a0 \u00a0markus.haefeli@macrinion.com Head Financial Lines, Schweiz, Z\u00fcrich Versicherungs-Gesellschaft AG, 2014-2018 Manager Commercial Institutions, Financial Lines, Schweiz &amp; \u00d6sterreich, AIG Europe Limited, London, 2010-2014 Bis 2010: Verschiedene Beratungsmandate f\u00fcr grosse Versicherungsgesellschaften (Swiss Re, B\u00e2loise) und Banken (Credit-Suisse, UBS, Deutsche [&hellip;]\" \/>\n<meta property=\"og:url\" content=\"https:\/\/macrinion.com\/de\/about-us\/\" \/>\n<meta property=\"og:site_name\" content=\"Macrinion\" \/>\n<meta property=\"article:modified_time\" content=\"2025-08-06T07:04:50+00:00\" \/>\n<meta name=\"twitter:card\" content=\"summary_large_image\" \/>\n<meta name=\"twitter:label1\" content=\"Gesch\u00e4tzte Lesezeit\" \/>\n\t<meta name=\"twitter:data1\" content=\"2\u00a0Minuten\" \/>\n<script type=\"application\/ld+json\" class=\"yoast-schema-graph\">{\"@context\":\"https:\/\/schema.org\",\"@graph\":[{\"@type\":\"WebPage\",\"@id\":\"https:\/\/macrinion.com\/de\/about-us\/\",\"url\":\"https:\/\/macrinion.com\/de\/about-us\/\",\"name\":\"Team - Macrinion\",\"isPartOf\":{\"@id\":\"https:\/\/macrinion.com\/de\/#website\"},\"datePublished\":\"2025-05-15T10:46:07+00:00\",\"dateModified\":\"2025-08-06T07:04:50+00:00\",\"breadcrumb\":{\"@id\":\"https:\/\/macrinion.com\/de\/about-us\/#breadcrumb\"},\"inLanguage\":\"de\",\"potentialAction\":[{\"@type\":\"ReadAction\",\"target\":[[\"https:\/\/macrinion.com\/de\/about-us\/\"]]}]},{\"@type\":\"BreadcrumbList\",\"@id\":\"https:\/\/macrinion.com\/de\/about-us\/#breadcrumb\",\"itemListElement\":[{\"@type\":\"ListItem\",\"position\":1,\"name\":\"Home\",\"item\":\"https:\/\/macrinion.com\/de\/\"},{\"@type\":\"ListItem\",\"position\":2,\"name\":\"Team\"}]},{\"@type\":\"WebSite\",\"@id\":\"https:\/\/macrinion.com\/de\/#website\",\"url\":\"https:\/\/macrinion.com\/de\/\",\"name\":\"Macrinion\",\"description\":\"Ventures\",\"publisher\":{\"@id\":\"https:\/\/macrinion.com\/de\/#organization\"},\"potentialAction\":[{\"@type\":\"SearchAction\",\"target\":{\"@type\":\"EntryPoint\",\"urlTemplate\":\"https:\/\/macrinion.com\/de\/?s={search_term_string}\"},\"query-input\":{\"@type\":\"PropertyValueSpecification\",\"valueRequired\":true,\"valueName\":\"search_term_string\"}}],\"inLanguage\":\"de\"},{\"@type\":\"Organization\",\"@id\":\"https:\/\/macrinion.com\/de\/#organization\",\"name\":\"Macrinion\",\"url\":\"https:\/\/macrinion.com\/de\/\",\"logo\":{\"@type\":\"ImageObject\",\"inLanguage\":\"de\",\"@id\":\"https:\/\/macrinion.com\/de\/#\/schema\/logo\/image\/\",\"url\":\"https:\/\/macrinion.com\/wp-content\/uploads\/2025\/06\/Macrinion_logo_DarkGreen_on_White_NotSteep_Alpha_smaller.png\",\"contentUrl\":\"https:\/\/macrinion.com\/wp-content\/uploads\/2025\/06\/Macrinion_logo_DarkGreen_on_White_NotSteep_Alpha_smaller.png\",\"width\":200,\"height\":175,\"caption\":\"Macrinion\"},\"image\":{\"@id\":\"https:\/\/macrinion.com\/de\/#\/schema\/logo\/image\/\"}}]}<\/script>\n<!-- \/ Yoast SEO plugin. -->","yoast_head_json":{"title":"Team - Macrinion","robots":{"index":"index","follow":"follow","max-snippet":"max-snippet:-1","max-image-preview":"max-image-preview:large","max-video-preview":"max-video-preview:-1"},"canonical":"https:\/\/macrinion.com\/de\/about-us\/","og_locale":"de_DE","og_type":"article","og_title":"Team - Macrinion","og_description":"&nbsp; Markus Haefeli, Managing Partner lic.oec.HSG et M.A.HSG in Legal Studies Mobil:\u00a0 \u00a0+41 (0)79 384 98 66 Email:\u00a0 \u00a0markus.haefeli@macrinion.com Head Financial Lines, Schweiz, Z\u00fcrich Versicherungs-Gesellschaft AG, 2014-2018 Manager Commercial Institutions, Financial Lines, Schweiz &amp; \u00d6sterreich, AIG Europe Limited, London, 2010-2014 Bis 2010: Verschiedene Beratungsmandate f\u00fcr grosse Versicherungsgesellschaften (Swiss Re, B\u00e2loise) und Banken (Credit-Suisse, UBS, Deutsche [&hellip;]","og_url":"https:\/\/macrinion.com\/de\/about-us\/","og_site_name":"Macrinion","article_modified_time":"2025-08-06T07:04:50+00:00","twitter_card":"summary_large_image","twitter_misc":{"Gesch\u00e4tzte Lesezeit":"2\u00a0Minuten"},"schema":{"@context":"https:\/\/schema.org","@graph":[{"@type":"WebPage","@id":"https:\/\/macrinion.com\/de\/about-us\/","url":"https:\/\/macrinion.com\/de\/about-us\/","name":"Team - Macrinion","isPartOf":{"@id":"https:\/\/macrinion.com\/de\/#website"},"datePublished":"2025-05-15T10:46:07+00:00","dateModified":"2025-08-06T07:04:50+00:00","breadcrumb":{"@id":"https:\/\/macrinion.com\/de\/about-us\/#breadcrumb"},"inLanguage":"de","potentialAction":[{"@type":"ReadAction","target":[["https:\/\/macrinion.com\/de\/about-us\/"]]}]},{"@type":"BreadcrumbList","@id":"https:\/\/macrinion.com\/de\/about-us\/#breadcrumb","itemListElement":[{"@type":"ListItem","position":1,"name":"Home","item":"https:\/\/macrinion.com\/de\/"},{"@type":"ListItem","position":2,"name":"Team"}]},{"@type":"WebSite","@id":"https:\/\/macrinion.com\/de\/#website","url":"https:\/\/macrinion.com\/de\/","name":"Macrinion","description":"Ventures","publisher":{"@id":"https:\/\/macrinion.com\/de\/#organization"},"potentialAction":[{"@type":"SearchAction","target":{"@type":"EntryPoint","urlTemplate":"https:\/\/macrinion.com\/de\/?s={search_term_string}"},"query-input":{"@type":"PropertyValueSpecification","valueRequired":true,"valueName":"search_term_string"}}],"inLanguage":"de"},{"@type":"Organization","@id":"https:\/\/macrinion.com\/de\/#organization","name":"Macrinion","url":"https:\/\/macrinion.com\/de\/","logo":{"@type":"ImageObject","inLanguage":"de","@id":"https:\/\/macrinion.com\/de\/#\/schema\/logo\/image\/","url":"https:\/\/macrinion.com\/wp-content\/uploads\/2025\/06\/Macrinion_logo_DarkGreen_on_White_NotSteep_Alpha_smaller.png","contentUrl":"https:\/\/macrinion.com\/wp-content\/uploads\/2025\/06\/Macrinion_logo_DarkGreen_on_White_NotSteep_Alpha_smaller.png","width":200,"height":175,"caption":"Macrinion"},"image":{"@id":"https:\/\/macrinion.com\/de\/#\/schema\/logo\/image\/"}}]}},"_links":{"self":[{"href":"https:\/\/macrinion.com\/de\/wp-json\/wp\/v2\/pages\/18","targetHints":{"allow":["GET"]}}],"collection":[{"href":"https:\/\/macrinion.com\/de\/wp-json\/wp\/v2\/pages"}],"about":[{"href":"https:\/\/macrinion.com\/de\/wp-json\/wp\/v2\/types\/page"}],"author":[{"embeddable":true,"href":"https:\/\/macrinion.com\/de\/wp-json\/wp\/v2\/users\/1"}],"replies":[{"embeddable":true,"href":"https:\/\/macrinion.com\/de\/wp-json\/wp\/v2\/comments?post=18"}],"version-history":[{"count":15,"href":"https:\/\/macrinion.com\/de\/wp-json\/wp\/v2\/pages\/18\/revisions"}],"predecessor-version":[{"id":249,"href":"https:\/\/macrinion.com\/de\/wp-json\/wp\/v2\/pages\/18\/revisions\/249"}],"wp:attachment":[{"href":"https:\/\/macrinion.com\/de\/wp-json\/wp\/v2\/media?parent=18"}],"curies":[{"name":"wp","href":"https:\/\/api.w.org\/{rel}","templated":true}]}}