{"id":147,"date":"2025-05-16T15:49:44","date_gmt":"2025-05-16T15:49:44","guid":{"rendered":"https:\/\/macrinion.com\/?page_id=147"},"modified":"2025-06-02T16:44:57","modified_gmt":"2025-06-02T16:44:57","slug":"fl-platform-your-benefits","status":"publish","type":"page","link":"https:\/\/macrinion.com\/fr\/fl-platform-your-benefits\/","title":{"rendered":"FL-Platform &#8211; Vos Avantages"},"content":{"rendered":"<p><img loading=\"lazy\" decoding=\"async\" width=\"300\" height=\"300\" src=\"\/wp-content\/uploads\/2025\/05\/login_slide2-300x300.png\" alt=\"\" class=\"wp-image-14 alignright\" srcset=\"https:\/\/macrinion.com\/wp-content\/uploads\/2025\/05\/login_slide2-300x300.png 300w, https:\/\/macrinion.com\/wp-content\/uploads\/2025\/05\/login_slide2-150x150.png 150w, https:\/\/macrinion.com\/wp-content\/uploads\/2025\/05\/login_slide2-768x768.png 768w, https:\/\/macrinion.com\/wp-content\/uploads\/2025\/05\/login_slide2.png 1024w\" sizes=\"auto, (max-width: 300px) 100vw, 300px\" \/><\/p>\n<p>Nous sommes les experts \u00e9tablis pour <strong>Financial Lines<\/strong>. Avec nous, vous obtenez des informations uniques sur le march\u00e9 de l&rsquo;assurance FL. Avec des <strong>concepts \u00e0 la pointe du march\u00e9<\/strong>, nous \u00e9tablissons des normes gr\u00e2ce \u00e0 nos connaissances et notre exp\u00e9rience et \u00e0 un large r\u00e9seau FL.<\/p>\n<p>En plus de<strong> d\u00e9fendre votre portefeuille<\/strong> sans effort, la plateforme est aussi un excellent <strong>acc\u00e9l\u00e9rateur pour la croissance de nouvelles affaires<\/strong>. Nous avons d\u00e9velopp\u00e9 des produits, nous avons vu les d\u00e9g\u00e2ts &#8211; nous savons ce qui compte chez FL et nous vous aidons \u00e0 r\u00e9ussir devant vos clients. Le <strong>gain d&rsquo;efficacit\u00e9<\/strong> (gain de temps consid\u00e9rablement r\u00e9duit et produits FL am\u00e9lior\u00e9s) est <strong>gratuit<\/strong> pour vous.<\/p>\n<p>Une combinaison unique de nombreux avantages &#8211; sans inconv\u00e9nients &#8211; dans la vue d&rsquo;ensemble:<\/p>\n<ul>\n<li>Vous b\u00e9n\u00e9ficiez de notre exp\u00e9rience, de nos <strong>connaissances et de nos conseils en mati\u00e8re de Financial Lines<\/strong>.<\/li>\n<li><strong>Moins d&rsquo;efforts<\/strong> pour les courtiers partenaires, efficacit\u00e9 gr\u00e2ce \u00e0 la num\u00e9risation des processus et <strong>simplicit\u00e9 d&rsquo;utilisation<\/strong><\/li>\n<li>Meilleure couverture disponible, <strong>concepts leaders du march\u00e9<\/strong>, r\u00e9guli\u00e8rement mis \u00e0 jour.<\/li>\n<li><strong>Conformit\u00e9 aux normes et r\u00e9glementations les plus r\u00e9centes et les plus r\u00e9centes.<\/strong><\/li>\n<li><strong>R\u00e9duction du risque de responsabilit\u00e9 professionnelle<\/strong><\/li>\n<li><strong>Le courtier partenaire conserve 100% de la relation client<\/strong>, non pas la concurrence, mais la coop\u00e9ration.<\/li>\n<li><strong>Pas de frais suppl\u00e9mentaires<\/strong> pour les courtiers partenaires, mais une meilleure qualit\u00e9 de service.<\/li>\n<li>Comp\u00e9tence \/ Exp\u00e9rience \/ Perspectives et meilleur <strong>acc\u00e8s \u00e0 l&rsquo;assureur<\/strong><\/li>\n<li>Meilleures <strong>\u00ab\u00a0Service Level Agreements\u00a0\u00bb<\/strong> avec les assureurs (par le biais du volume de mise en commun)<\/li>\n<li><strong>Niveau de commission s\u00e9curis\u00e9<\/strong> (certains assureurs v\u00e9rifient les niveaux de commission en fonction du volume de primes du courtier respectif &#8211; des d\u00e9gradations sont \u00e0 pr\u00e9voir avec des portefeuilles moins importants).<\/li>\n<li><strong>Partenaire comp\u00e9tent<\/strong> en arri\u00e8re-plan<\/li>\n<li><strong>Une meilleure qualit\u00e9 gr\u00e2ce \u00e0 la standardisation<\/strong>, moins d&rsquo;actions correctives qui prennent du temps.<\/li>\n<li><strong>R\u00e9duction du risque de perte de clients<\/strong> en raison d&rsquo;erreurs et de lacunes dans la couverture (les courtiers partenaires peuvent d\u00e9fendre plus facilement leur portefeuille FL contre les courtiers concurrents).<\/li>\n<\/ul>\n<p>Nous offrons le <strong>partenariat<\/strong> &#8211; Macrinion ne veut pas attaquer le courtier, mais aider le courtier partenaire \u00e0 r\u00e9ussir. Ensemble, nous sommes plus forts !<\/p>","protected":false},"excerpt":{"rendered":"<p>Nous sommes les experts \u00e9tablis pour Financial Lines. Avec nous, vous obtenez des informations uniques sur le march\u00e9 de l&rsquo;assurance FL. Avec des concepts \u00e0 la pointe du march\u00e9, nous \u00e9tablissons des normes gr\u00e2ce \u00e0 nos connaissances et notre exp\u00e9rience et \u00e0 un large r\u00e9seau FL. En plus de d\u00e9fendre votre portefeuille sans effort, la [&hellip;]<\/p>\n","protected":false},"author":1,"featured_media":0,"parent":0,"menu_order":0,"comment_status":"closed","ping_status":"closed","template":"","meta":{"footnotes":""},"class_list":["post-147","page","type-page","status-publish","hentry"],"yoast_head":"<!-- This site is optimized with the Yoast SEO plugin v26.0 - https:\/\/yoast.com\/wordpress\/plugins\/seo\/ -->\n<title>FL-Platform - Vos Avantages - Macrinion<\/title>\n<meta name=\"description\" content=\"FL-Platform - Pre-negotiated Financial Lines contracts free of charge for brokers - high quality, reduced risk, directly online.\" \/>\n<meta name=\"robots\" content=\"index, follow, max-snippet:-1, max-image-preview:large, max-video-preview:-1\" \/>\n<link rel=\"canonical\" href=\"https:\/\/macrinion.com\/fr\/fl-platform-your-benefits\/\" \/>\n<meta property=\"og:locale\" content=\"fr_FR\" \/>\n<meta property=\"og:type\" content=\"article\" \/>\n<meta property=\"og:title\" content=\"FL-Platform - Vos Avantages - Macrinion\" \/>\n<meta property=\"og:description\" content=\"FL-Platform - Pre-negotiated Financial Lines contracts free of charge for brokers - high quality, reduced risk, directly online.\" \/>\n<meta property=\"og:url\" content=\"https:\/\/macrinion.com\/fr\/fl-platform-your-benefits\/\" \/>\n<meta property=\"og:site_name\" content=\"Macrinion\" \/>\n<meta property=\"article:modified_time\" content=\"2025-06-02T16:44:57+00:00\" \/>\n<meta name=\"twitter:card\" content=\"summary_large_image\" \/>\n<meta name=\"twitter:label1\" content=\"Dur\u00e9e de lecture estim\u00e9e\" \/>\n\t<meta name=\"twitter:data1\" content=\"2 minutes\" \/>\n<script type=\"application\/ld+json\" class=\"yoast-schema-graph\">{\"@context\":\"https:\/\/schema.org\",\"@graph\":[{\"@type\":\"WebPage\",\"@id\":\"https:\/\/macrinion.com\/fr\/fl-platform-your-benefits\/\",\"url\":\"https:\/\/macrinion.com\/fr\/fl-platform-your-benefits\/\",\"name\":\"FL-Platform - Vos Avantages - Macrinion\",\"isPartOf\":{\"@id\":\"https:\/\/macrinion.com\/fr\/#website\"},\"datePublished\":\"2025-05-16T15:49:44+00:00\",\"dateModified\":\"2025-06-02T16:44:57+00:00\",\"description\":\"FL-Platform - Pre-negotiated Financial Lines contracts free of charge for brokers - high quality, reduced risk, directly online.\",\"breadcrumb\":{\"@id\":\"https:\/\/macrinion.com\/fr\/fl-platform-your-benefits\/#breadcrumb\"},\"inLanguage\":\"fr-FR\",\"potentialAction\":[{\"@type\":\"ReadAction\",\"target\":[[\"https:\/\/macrinion.com\/fr\/fl-platform-your-benefits\/\"]]}]},{\"@type\":\"BreadcrumbList\",\"@id\":\"https:\/\/macrinion.com\/fr\/fl-platform-your-benefits\/#breadcrumb\",\"itemListElement\":[{\"@type\":\"ListItem\",\"position\":1,\"name\":\"Home\",\"item\":\"https:\/\/macrinion.com\/fr\/\"},{\"@type\":\"ListItem\",\"position\":2,\"name\":\"FL-Platform &#8211; Your Benefits\"}]},{\"@type\":\"WebSite\",\"@id\":\"https:\/\/macrinion.com\/fr\/#website\",\"url\":\"https:\/\/macrinion.com\/fr\/\",\"name\":\"Macrinion\",\"description\":\"Ventures\",\"publisher\":{\"@id\":\"https:\/\/macrinion.com\/fr\/#organization\"},\"potentialAction\":[{\"@type\":\"SearchAction\",\"target\":{\"@type\":\"EntryPoint\",\"urlTemplate\":\"https:\/\/macrinion.com\/fr\/?s={search_term_string}\"},\"query-input\":{\"@type\":\"PropertyValueSpecification\",\"valueRequired\":true,\"valueName\":\"search_term_string\"}}],\"inLanguage\":\"fr-FR\"},{\"@type\":\"Organization\",\"@id\":\"https:\/\/macrinion.com\/fr\/#organization\",\"name\":\"Macrinion\",\"url\":\"https:\/\/macrinion.com\/fr\/\",\"logo\":{\"@type\":\"ImageObject\",\"inLanguage\":\"fr-FR\",\"@id\":\"https:\/\/macrinion.com\/fr\/#\/schema\/logo\/image\/\",\"url\":\"https:\/\/macrinion.com\/wp-content\/uploads\/2025\/06\/Macrinion_logo_DarkGreen_on_White_NotSteep_Alpha_smaller.png\",\"contentUrl\":\"https:\/\/macrinion.com\/wp-content\/uploads\/2025\/06\/Macrinion_logo_DarkGreen_on_White_NotSteep_Alpha_smaller.png\",\"width\":200,\"height\":175,\"caption\":\"Macrinion\"},\"image\":{\"@id\":\"https:\/\/macrinion.com\/fr\/#\/schema\/logo\/image\/\"}}]}<\/script>\n<!-- \/ Yoast SEO plugin. -->","yoast_head_json":{"title":"FL-Platform - Vos Avantages - Macrinion","description":"FL-Platform - Pre-negotiated Financial Lines contracts free of charge for brokers - high quality, reduced risk, directly online.","robots":{"index":"index","follow":"follow","max-snippet":"max-snippet:-1","max-image-preview":"max-image-preview:large","max-video-preview":"max-video-preview:-1"},"canonical":"https:\/\/macrinion.com\/fr\/fl-platform-your-benefits\/","og_locale":"fr_FR","og_type":"article","og_title":"FL-Platform - Vos Avantages - Macrinion","og_description":"FL-Platform - Pre-negotiated Financial Lines contracts free of charge for brokers - high quality, reduced risk, directly online.","og_url":"https:\/\/macrinion.com\/fr\/fl-platform-your-benefits\/","og_site_name":"Macrinion","article_modified_time":"2025-06-02T16:44:57+00:00","twitter_card":"summary_large_image","twitter_misc":{"Dur\u00e9e de lecture estim\u00e9e":"2 minutes"},"schema":{"@context":"https:\/\/schema.org","@graph":[{"@type":"WebPage","@id":"https:\/\/macrinion.com\/fr\/fl-platform-your-benefits\/","url":"https:\/\/macrinion.com\/fr\/fl-platform-your-benefits\/","name":"FL-Platform - Vos Avantages - Macrinion","isPartOf":{"@id":"https:\/\/macrinion.com\/fr\/#website"},"datePublished":"2025-05-16T15:49:44+00:00","dateModified":"2025-06-02T16:44:57+00:00","description":"FL-Platform - Pre-negotiated Financial Lines contracts free of charge for brokers - high quality, reduced risk, directly online.","breadcrumb":{"@id":"https:\/\/macrinion.com\/fr\/fl-platform-your-benefits\/#breadcrumb"},"inLanguage":"fr-FR","potentialAction":[{"@type":"ReadAction","target":[["https:\/\/macrinion.com\/fr\/fl-platform-your-benefits\/"]]}]},{"@type":"BreadcrumbList","@id":"https:\/\/macrinion.com\/fr\/fl-platform-your-benefits\/#breadcrumb","itemListElement":[{"@type":"ListItem","position":1,"name":"Home","item":"https:\/\/macrinion.com\/fr\/"},{"@type":"ListItem","position":2,"name":"FL-Platform &#8211; Your Benefits"}]},{"@type":"WebSite","@id":"https:\/\/macrinion.com\/fr\/#website","url":"https:\/\/macrinion.com\/fr\/","name":"Macrinion","description":"Ventures","publisher":{"@id":"https:\/\/macrinion.com\/fr\/#organization"},"potentialAction":[{"@type":"SearchAction","target":{"@type":"EntryPoint","urlTemplate":"https:\/\/macrinion.com\/fr\/?s={search_term_string}"},"query-input":{"@type":"PropertyValueSpecification","valueRequired":true,"valueName":"search_term_string"}}],"inLanguage":"fr-FR"},{"@type":"Organization","@id":"https:\/\/macrinion.com\/fr\/#organization","name":"Macrinion","url":"https:\/\/macrinion.com\/fr\/","logo":{"@type":"ImageObject","inLanguage":"fr-FR","@id":"https:\/\/macrinion.com\/fr\/#\/schema\/logo\/image\/","url":"https:\/\/macrinion.com\/wp-content\/uploads\/2025\/06\/Macrinion_logo_DarkGreen_on_White_NotSteep_Alpha_smaller.png","contentUrl":"https:\/\/macrinion.com\/wp-content\/uploads\/2025\/06\/Macrinion_logo_DarkGreen_on_White_NotSteep_Alpha_smaller.png","width":200,"height":175,"caption":"Macrinion"},"image":{"@id":"https:\/\/macrinion.com\/fr\/#\/schema\/logo\/image\/"}}]}},"_links":{"self":[{"href":"https:\/\/macrinion.com\/fr\/wp-json\/wp\/v2\/pages\/147","targetHints":{"allow":["GET"]}}],"collection":[{"href":"https:\/\/macrinion.com\/fr\/wp-json\/wp\/v2\/pages"}],"about":[{"href":"https:\/\/macrinion.com\/fr\/wp-json\/wp\/v2\/types\/page"}],"author":[{"embeddable":true,"href":"https:\/\/macrinion.com\/fr\/wp-json\/wp\/v2\/users\/1"}],"replies":[{"embeddable":true,"href":"https:\/\/macrinion.com\/fr\/wp-json\/wp\/v2\/comments?post=147"}],"version-history":[{"count":6,"href":"https:\/\/macrinion.com\/fr\/wp-json\/wp\/v2\/pages\/147\/revisions"}],"predecessor-version":[{"id":208,"href":"https:\/\/macrinion.com\/fr\/wp-json\/wp\/v2\/pages\/147\/revisions\/208"}],"wp:attachment":[{"href":"https:\/\/macrinion.com\/fr\/wp-json\/wp\/v2\/media?parent=147"}],"curies":[{"name":"wp","href":"https:\/\/api.w.org\/{rel}","templated":true}]}}