{"id":150,"date":"2025-05-16T16:09:10","date_gmt":"2025-05-16T16:09:10","guid":{"rendered":"https:\/\/macrinion.com\/?page_id=150"},"modified":"2025-06-02T16:48:37","modified_gmt":"2025-06-02T16:48:37","slug":"fl-platform-concept-and-functionality","status":"publish","type":"page","link":"https:\/\/macrinion.com\/fr\/fl-platform-concept-and-functionality\/","title":{"rendered":"FL-Platform &#8211; Conception et fonctionnalit\u00e9"},"content":{"rendered":"<p><\/p>\n<h3><img loading=\"lazy\" decoding=\"async\" width=\"300\" height=\"300\" src=\"https:\/\/macrinion.com\/wp-content\/uploads\/2025\/05\/login_slide3-300x300.png\" alt=\"\" class=\"wp-image-15 alignright\" srcset=\"https:\/\/macrinion.com\/wp-content\/uploads\/2025\/05\/login_slide3-300x300.png 300w, https:\/\/macrinion.com\/wp-content\/uploads\/2025\/05\/login_slide3-150x150.png 150w, https:\/\/macrinion.com\/wp-content\/uploads\/2025\/05\/login_slide3-768x768.png 768w, https:\/\/macrinion.com\/wp-content\/uploads\/2025\/05\/login_slide3.png 1024w\" sizes=\"auto, (max-width: 300px) 100vw, 300px\" \/>Situation de d\u00e9part<\/h3>\n<p>Nous savons par exp\u00e9rience que les <strong>produits Financial Lines sont difficiles d&rsquo;acc\u00e8s pour la plupart des courtiers<\/strong> et donc fastidieux. La <strong>connaissance des produits est souvent limit\u00e9e<\/strong> et les d<strong>\u00e9penses pour le soutien de politiques appropri\u00e9es sont disproportionnellement \u00e9lev\u00e9es<\/strong>. L&rsquo;\u00e9volution constante des exigences r\u00e9glementaires et l\u00e9gales augmente en outre le <strong>risque de responsabilit\u00e9 du courtier<\/strong> en raison de conseils erron\u00e9s. Enfin, des conseils inad\u00e9quats dans le domaine de la FL<strong> peuvent assombrir de bons conseils dans d&rsquo;autres domaines<\/strong>.<\/p>\n<h3>Le partenariat au lieu de la concurrence<\/h3>\n<p>Macrinion est <strong>l&rsquo;expert sur le march\u00e9 suisse Financial Lines<\/strong>\u00a0et<strong> met \u00e0 la disposition du courtier partenaire le savoir-faire<\/strong>, <strong>l&rsquo;exp\u00e9rience et le r\u00e9seau n\u00e9cessaires.<\/strong><\/p>\n<p>Macrinion n\u00e9gocie des <strong>solutions d&rsquo;assurance leaders sur le march\u00e9<\/strong> et les met \u00e0 la disposition de son courtier partenaire. Le <strong>meilleur fournisseur<\/strong> (en termes de qualit\u00e9 du contenu et d&rsquo;efficacit\u00e9 des prix) se voit attribuer le contrat pour le produit respectif. Selon le produit, des panels avec plusieurs assureurs peuvent \u00e9galement \u00eatre s\u00e9lectionn\u00e9s.<\/p>\n<p>Les diff\u00e9rents produits font <strong>r\u00e9guli\u00e8rement l&rsquo;objet d&rsquo;appels d&rsquo;offres et nous v\u00e9rifions la pertinence et l&rsquo;actualit\u00e9 de la couverture<\/strong> &#8211; de cette fa\u00e7on, <strong>nous soulageons le courtier partenaire et r\u00e9duisons son risque de responsabilit\u00e9 professionnelle<\/strong> du conseil \u00e0 la client\u00e8le. En outre, nous aidons le courtier partenaire \u00e0 <strong>r\u00e9ussir<\/strong> avec ses clients gr\u00e2ce \u00e0 un conseil complet et de haute qualit\u00e9.<\/p>\n<p>Important : <strong>le courtier partenaire conserve l&rsquo;int\u00e9gralit\u00e9 de la relation client<\/strong> &#8211; Macrinion agit exclusivement en tant que facilitateur et en arri\u00e8re-plan.<\/p>\n<p>L&rsquo;utilisation de l&rsquo;offre est \u00e9galement <strong>gratuite<\/strong> pour le courtier partenaire !<\/p>\n<h3>Coop\u00e9ration et comment, en tant que courtier, vous avez acc\u00e8s \u00e0 la plateforme<\/h3>\n<p>N&rsquo;h\u00e9sitez pas \u00e0 nous contacter si vous \u00eates int\u00e9ress\u00e9s. Nous vous enverrons prochainement un accord de coop\u00e9ration &#8211; vous recevrez les donn\u00e9es d&rsquo;acc\u00e8s et pourrez commencer.<\/p>\n<ul>\n<li>Macrinion vous enverra les donn\u00e9es d&rsquo;acc\u00e8s.<\/li>\n<li>Apr\u00e8s r\u00e9ception, vous pouvez vous connecter, s\u00e9lectionner des produits sur la plate-forme Web, demander des devis et souscrire des polices en quelques minutes.<\/li>\n<li>Selon le produit choisi, vous recevrez un aper\u00e7u des questions sur les risques auxquelles il faut r\u00e9pondre. Le client y r\u00e9pond en quelques minutes par drop down et cochez la case et vous recevrez imm\u00e9diatement une offre ferme avec jusqu&rsquo;\u00e0 3 options de limite, dont vous pourrez discuter avec le client.<\/li>\n<li>Il n&rsquo;y a pas d&rsquo;interaction avec l&rsquo;assureur, plus de longue correspondance avec le souscripteur. Si le client est d&rsquo;accord, vous cliquez sur la variante d&rsquo;offre souhait\u00e9e dans votre profil \u00ab\u00a0Accepter\u00a0\u00bb et imm\u00e9diatement apr\u00e8s vous recevrez la police avec la facture sous forme de fichier pdf, que vous pouvez transmettre \u00e0 votre client par e-mail. Il n&rsquo;y a pas de confirmation de couverture et la police finale est \u00e9mise directement.<\/li>\n<li>Avec la plate-forme, vous disposez d&rsquo;un outil d&rsquo;administration et pouvez acc\u00e9der \u00e0 tout moment et facilement \u00e0 une vue d&rsquo;ensemble \/ d&rsquo;un coup d&rsquo;\u0153il et appeler des d\u00e9tails sur les contrats respectifs. Avant le renouvellement, vous recevrez \u00e9galement un message de rappel automatique pour vos contrats dans votre profil.<\/li>\n<li>La plate-forme vous permet de contacter l&rsquo;assureur dans l&rsquo;examen de cas individuels s&rsquo;il y a des raisons qui emp\u00eachent exceptionnellement une conclusion imm\u00e9diate via la plate-forme.<\/li>\n<\/ul>\n<h3>Lors d&rsquo;un entretien personnel avec Macrinion, vous obtiendrez une vue d&rsquo;ensemble et apprendrez en d\u00e9tail ce que la plate-forme peut faire &#8211; nous nous r\u00e9jouissons d&rsquo;avoir de vos nouvelles!<\/h3>\n<p>En savoir plus: <a href=\"\/index.php\/fl-platform-your-benefits\"><strong>Vos avantages<\/strong><\/a><\/p>","protected":false},"excerpt":{"rendered":"<p>Situation de d\u00e9part Nous savons par exp\u00e9rience que les produits Financial Lines sont difficiles d&rsquo;acc\u00e8s pour la plupart des courtiers et donc fastidieux. La connaissance des produits est souvent limit\u00e9e et les d\u00e9penses pour le soutien de politiques appropri\u00e9es sont disproportionnellement \u00e9lev\u00e9es. L&rsquo;\u00e9volution constante des exigences r\u00e9glementaires et l\u00e9gales augmente en outre le risque de [&hellip;]<\/p>\n","protected":false},"author":1,"featured_media":0,"parent":0,"menu_order":0,"comment_status":"closed","ping_status":"closed","template":"","meta":{"footnotes":""},"class_list":["post-150","page","type-page","status-publish","hentry"],"yoast_head":"<!-- This site is optimized with the Yoast SEO plugin v26.0 - https:\/\/yoast.com\/wordpress\/plugins\/seo\/ -->\n<title>FL-Platform - Conception et fonctionnalit\u00e9 - Macrinion<\/title>\n<meta name=\"description\" content=\"Overcome Financial Lines difficulties - request online access to the FL-Platform and immediately benefit from Financial Lines expertise and contracts.\" \/>\n<meta name=\"robots\" content=\"index, follow, max-snippet:-1, max-image-preview:large, max-video-preview:-1\" \/>\n<link rel=\"canonical\" href=\"https:\/\/macrinion.com\/fr\/fl-platform-concept-and-functionality\/\" \/>\n<meta property=\"og:locale\" content=\"fr_FR\" \/>\n<meta property=\"og:type\" content=\"article\" \/>\n<meta property=\"og:title\" content=\"FL-Platform - Conception et fonctionnalit\u00e9 - Macrinion\" \/>\n<meta property=\"og:description\" content=\"Overcome Financial Lines difficulties - request online access to the FL-Platform and immediately benefit from Financial Lines expertise and contracts.\" \/>\n<meta property=\"og:url\" content=\"https:\/\/macrinion.com\/fr\/fl-platform-concept-and-functionality\/\" \/>\n<meta property=\"og:site_name\" content=\"Macrinion\" \/>\n<meta property=\"article:modified_time\" content=\"2025-06-02T16:48:37+00:00\" \/>\n<meta property=\"og:image\" content=\"https:\/\/macrinion.com\/wp-content\/uploads\/2025\/05\/login_slide3-300x300.png\" \/>\n<meta name=\"twitter:card\" content=\"summary_large_image\" \/>\n<meta name=\"twitter:label1\" content=\"Dur\u00e9e de lecture estim\u00e9e\" \/>\n\t<meta name=\"twitter:data1\" content=\"3 minutes\" \/>\n<script type=\"application\/ld+json\" class=\"yoast-schema-graph\">{\"@context\":\"https:\/\/schema.org\",\"@graph\":[{\"@type\":\"WebPage\",\"@id\":\"https:\/\/macrinion.com\/fr\/fl-platform-concept-and-functionality\/\",\"url\":\"https:\/\/macrinion.com\/fr\/fl-platform-concept-and-functionality\/\",\"name\":\"FL-Platform - Conception et fonctionnalit\u00e9 - Macrinion\",\"isPartOf\":{\"@id\":\"https:\/\/macrinion.com\/fr\/#website\"},\"primaryImageOfPage\":{\"@id\":\"https:\/\/macrinion.com\/fr\/fl-platform-concept-and-functionality\/#primaryimage\"},\"image\":{\"@id\":\"https:\/\/macrinion.com\/fl-platform-concept-and-functionality\/#primaryimage\"},\"thumbnailUrl\":\"https:\/\/macrinion.com\/wp-content\/uploads\/2025\/05\/login_slide3-300x300.png\",\"datePublished\":\"2025-05-16T16:09:10+00:00\",\"dateModified\":\"2025-06-02T16:48:37+00:00\",\"description\":\"Overcome Financial Lines difficulties - request online access to the FL-Platform and immediately benefit from Financial Lines expertise and contracts.\",\"breadcrumb\":{\"@id\":\"https:\/\/macrinion.com\/fr\/fl-platform-concept-and-functionality\/#breadcrumb\"},\"inLanguage\":\"fr-FR\",\"potentialAction\":[{\"@type\":\"ReadAction\",\"target\":[[\"https:\/\/macrinion.com\/fr\/fl-platform-concept-and-functionality\/\"]]}]},{\"@type\":\"ImageObject\",\"inLanguage\":\"fr-FR\",\"@id\":\"https:\/\/macrinion.com\/fr\/fl-platform-concept-and-functionality\/#primaryimage\",\"url\":\"https:\/\/macrinion.com\/wp-content\/uploads\/2025\/05\/login_slide3-300x300.png\",\"contentUrl\":\"https:\/\/macrinion.com\/wp-content\/uploads\/2025\/05\/login_slide3-300x300.png\"},{\"@type\":\"BreadcrumbList\",\"@id\":\"https:\/\/macrinion.com\/fr\/fl-platform-concept-and-functionality\/#breadcrumb\",\"itemListElement\":[{\"@type\":\"ListItem\",\"position\":1,\"name\":\"Home\",\"item\":\"https:\/\/macrinion.com\/fr\/\"},{\"@type\":\"ListItem\",\"position\":2,\"name\":\"FL-Platform &#8211; Concept and Functionality\"}]},{\"@type\":\"WebSite\",\"@id\":\"https:\/\/macrinion.com\/fr\/#website\",\"url\":\"https:\/\/macrinion.com\/fr\/\",\"name\":\"Macrinion\",\"description\":\"Ventures\",\"publisher\":{\"@id\":\"https:\/\/macrinion.com\/fr\/#organization\"},\"potentialAction\":[{\"@type\":\"SearchAction\",\"target\":{\"@type\":\"EntryPoint\",\"urlTemplate\":\"https:\/\/macrinion.com\/fr\/?s={search_term_string}\"},\"query-input\":{\"@type\":\"PropertyValueSpecification\",\"valueRequired\":true,\"valueName\":\"search_term_string\"}}],\"inLanguage\":\"fr-FR\"},{\"@type\":\"Organization\",\"@id\":\"https:\/\/macrinion.com\/fr\/#organization\",\"name\":\"Macrinion\",\"url\":\"https:\/\/macrinion.com\/fr\/\",\"logo\":{\"@type\":\"ImageObject\",\"inLanguage\":\"fr-FR\",\"@id\":\"https:\/\/macrinion.com\/fr\/#\/schema\/logo\/image\/\",\"url\":\"https:\/\/macrinion.com\/wp-content\/uploads\/2025\/06\/Macrinion_logo_DarkGreen_on_White_NotSteep_Alpha_smaller.png\",\"contentUrl\":\"https:\/\/macrinion.com\/wp-content\/uploads\/2025\/06\/Macrinion_logo_DarkGreen_on_White_NotSteep_Alpha_smaller.png\",\"width\":200,\"height\":175,\"caption\":\"Macrinion\"},\"image\":{\"@id\":\"https:\/\/macrinion.com\/fr\/#\/schema\/logo\/image\/\"}}]}<\/script>\n<!-- \/ Yoast SEO plugin. -->","yoast_head_json":{"title":"FL-Platform - Conception et fonctionnalit\u00e9 - Macrinion","description":"Overcome Financial Lines difficulties - request online access to the FL-Platform and immediately benefit from Financial Lines expertise and contracts.","robots":{"index":"index","follow":"follow","max-snippet":"max-snippet:-1","max-image-preview":"max-image-preview:large","max-video-preview":"max-video-preview:-1"},"canonical":"https:\/\/macrinion.com\/fr\/fl-platform-concept-and-functionality\/","og_locale":"fr_FR","og_type":"article","og_title":"FL-Platform - Conception et fonctionnalit\u00e9 - Macrinion","og_description":"Overcome Financial Lines difficulties - request online access to the FL-Platform and immediately benefit from Financial Lines expertise and contracts.","og_url":"https:\/\/macrinion.com\/fr\/fl-platform-concept-and-functionality\/","og_site_name":"Macrinion","article_modified_time":"2025-06-02T16:48:37+00:00","og_image":[{"url":"https:\/\/macrinion.com\/wp-content\/uploads\/2025\/05\/login_slide3-300x300.png","type":"","width":"","height":""}],"twitter_card":"summary_large_image","twitter_misc":{"Dur\u00e9e de lecture estim\u00e9e":"3 minutes"},"schema":{"@context":"https:\/\/schema.org","@graph":[{"@type":"WebPage","@id":"https:\/\/macrinion.com\/fr\/fl-platform-concept-and-functionality\/","url":"https:\/\/macrinion.com\/fr\/fl-platform-concept-and-functionality\/","name":"FL-Platform - Conception et fonctionnalit\u00e9 - Macrinion","isPartOf":{"@id":"https:\/\/macrinion.com\/fr\/#website"},"primaryImageOfPage":{"@id":"https:\/\/macrinion.com\/fr\/fl-platform-concept-and-functionality\/#primaryimage"},"image":{"@id":"https:\/\/macrinion.com\/fl-platform-concept-and-functionality\/#primaryimage"},"thumbnailUrl":"https:\/\/macrinion.com\/wp-content\/uploads\/2025\/05\/login_slide3-300x300.png","datePublished":"2025-05-16T16:09:10+00:00","dateModified":"2025-06-02T16:48:37+00:00","description":"Overcome Financial Lines difficulties - request online access to the FL-Platform and immediately benefit from Financial Lines expertise and contracts.","breadcrumb":{"@id":"https:\/\/macrinion.com\/fr\/fl-platform-concept-and-functionality\/#breadcrumb"},"inLanguage":"fr-FR","potentialAction":[{"@type":"ReadAction","target":[["https:\/\/macrinion.com\/fr\/fl-platform-concept-and-functionality\/"]]}]},{"@type":"ImageObject","inLanguage":"fr-FR","@id":"https:\/\/macrinion.com\/fr\/fl-platform-concept-and-functionality\/#primaryimage","url":"https:\/\/macrinion.com\/wp-content\/uploads\/2025\/05\/login_slide3-300x300.png","contentUrl":"https:\/\/macrinion.com\/wp-content\/uploads\/2025\/05\/login_slide3-300x300.png"},{"@type":"BreadcrumbList","@id":"https:\/\/macrinion.com\/fr\/fl-platform-concept-and-functionality\/#breadcrumb","itemListElement":[{"@type":"ListItem","position":1,"name":"Home","item":"https:\/\/macrinion.com\/fr\/"},{"@type":"ListItem","position":2,"name":"FL-Platform &#8211; Concept and Functionality"}]},{"@type":"WebSite","@id":"https:\/\/macrinion.com\/fr\/#website","url":"https:\/\/macrinion.com\/fr\/","name":"Macrinion","description":"Ventures","publisher":{"@id":"https:\/\/macrinion.com\/fr\/#organization"},"potentialAction":[{"@type":"SearchAction","target":{"@type":"EntryPoint","urlTemplate":"https:\/\/macrinion.com\/fr\/?s={search_term_string}"},"query-input":{"@type":"PropertyValueSpecification","valueRequired":true,"valueName":"search_term_string"}}],"inLanguage":"fr-FR"},{"@type":"Organization","@id":"https:\/\/macrinion.com\/fr\/#organization","name":"Macrinion","url":"https:\/\/macrinion.com\/fr\/","logo":{"@type":"ImageObject","inLanguage":"fr-FR","@id":"https:\/\/macrinion.com\/fr\/#\/schema\/logo\/image\/","url":"https:\/\/macrinion.com\/wp-content\/uploads\/2025\/06\/Macrinion_logo_DarkGreen_on_White_NotSteep_Alpha_smaller.png","contentUrl":"https:\/\/macrinion.com\/wp-content\/uploads\/2025\/06\/Macrinion_logo_DarkGreen_on_White_NotSteep_Alpha_smaller.png","width":200,"height":175,"caption":"Macrinion"},"image":{"@id":"https:\/\/macrinion.com\/fr\/#\/schema\/logo\/image\/"}}]}},"_links":{"self":[{"href":"https:\/\/macrinion.com\/fr\/wp-json\/wp\/v2\/pages\/150","targetHints":{"allow":["GET"]}}],"collection":[{"href":"https:\/\/macrinion.com\/fr\/wp-json\/wp\/v2\/pages"}],"about":[{"href":"https:\/\/macrinion.com\/fr\/wp-json\/wp\/v2\/types\/page"}],"author":[{"embeddable":true,"href":"https:\/\/macrinion.com\/fr\/wp-json\/wp\/v2\/users\/1"}],"replies":[{"embeddable":true,"href":"https:\/\/macrinion.com\/fr\/wp-json\/wp\/v2\/comments?post=150"}],"version-history":[{"count":9,"href":"https:\/\/macrinion.com\/fr\/wp-json\/wp\/v2\/pages\/150\/revisions"}],"predecessor-version":[{"id":210,"href":"https:\/\/macrinion.com\/fr\/wp-json\/wp\/v2\/pages\/150\/revisions\/210"}],"wp:attachment":[{"href":"https:\/\/macrinion.com\/fr\/wp-json\/wp\/v2\/media?parent=150"}],"curies":[{"name":"wp","href":"https:\/\/api.w.org\/{rel}","templated":true}]}}