{"id":16,"date":"2025-05-15T10:46:07","date_gmt":"2025-05-15T10:46:07","guid":{"rendered":"https:\/\/macrinion.com\/?page_id=16"},"modified":"2025-06-02T16:53:20","modified_gmt":"2025-06-02T16:53:20","slug":"fl-platform","status":"publish","type":"page","link":"https:\/\/macrinion.com\/fr\/fl-platform\/","title":{"rendered":"FL-Platform &#8211; Introduction"},"content":{"rendered":"<p><img loading=\"lazy\" decoding=\"async\" class=\"wp-image-1315 alignright\" src=\"\/wp-content\/uploads\/2025\/05\/Login.jpg\" alt=\"\" width=\"424\" height=\"283\" \/><\/p>\n<p>Macrinion lance la plate-forme en ligne pour Financial Lines en Suisse !<\/p>\n<p>La plate-forme FL couvre l&rsquo;ensemble de <strong>la cha\u00eene de valeur de l&rsquo;assureur<\/strong> &#8211; de l&rsquo;appel d&rsquo;offres et de l&rsquo;\u00e9valuation des risques jusqu&rsquo;\u00e0 l&rsquo;\u00e9tablissement de l&rsquo;offre, de la police et de l&rsquo;envoi de la facture. Il contient les donn\u00e9es cl\u00e9s suivantes :<\/p>\n<ul>\n<li>La plateforme en ligne permet la conclusion de <strong>contrats FL pour les risques PME.<\/strong><\/li>\n<li>La plate-forme FL couvre <strong>tous les produits FL actuels<\/strong>.<\/li>\n<li>Gr\u00e2ce \u00e0 la num\u00e9risation, la plate-forme est <strong>accessible et utilisable 24 heures sur 24, 7 jours<\/strong> sur 7 et de mani\u00e8re flexible depuis n&rsquo;importe quel endroit.<\/li>\n<li>La plate-forme FL <strong>allie les connaissances des experts FL \u00e0 l&rsquo;innovation technique<\/strong>.<\/li>\n<li>Macrinion lance un appel d&rsquo;offres pour les diff\u00e9rentes couvertures FL et n\u00e9gocie des <strong>concepts d&rsquo;assurance leaders du march\u00e9 avec des assureurs FL \u00e9tablis<\/strong>.<\/li>\n<li>Les <strong>conditions et les conseillers sont int\u00e9gr\u00e9s \u00e0 la plate-forme au moyen d&rsquo;algorithmes complexes<\/strong>.<\/li>\n<li>Le march\u00e9 est <strong>surveill\u00e9 en permanence et les conditions sont revues p\u00e9riodiquement<\/strong>.<\/li>\n<\/ul>\n<p>En savoir plus: <a href=\"\/index.php\/fl-platform-concept-and-functionality\"><strong>Conception et fonctionnalit\u00e9<\/strong><\/a><\/p>","protected":false},"excerpt":{"rendered":"<p>Macrinion lance la plate-forme en ligne pour Financial Lines en Suisse ! La plate-forme FL couvre l&rsquo;ensemble de la cha\u00eene de valeur de l&rsquo;assureur &#8211; de l&rsquo;appel d&rsquo;offres et de l&rsquo;\u00e9valuation des risques jusqu&rsquo;\u00e0 l&rsquo;\u00e9tablissement de l&rsquo;offre, de la police et de l&rsquo;envoi de la facture. Il contient les donn\u00e9es cl\u00e9s suivantes : La plateforme [&hellip;]<\/p>\n","protected":false},"author":1,"featured_media":0,"parent":0,"menu_order":0,"comment_status":"closed","ping_status":"closed","template":"","meta":{"footnotes":""},"class_list":["post-16","page","type-page","status-publish","hentry"],"yoast_head":"<!-- This site is optimized with the Yoast SEO plugin v26.0 - https:\/\/yoast.com\/wordpress\/plugins\/seo\/ -->\n<title>FL-Platform - Introduction - Macrinion<\/title>\n<meta name=\"robots\" content=\"index, follow, max-snippet:-1, max-image-preview:large, max-video-preview:-1\" \/>\n<link rel=\"canonical\" href=\"https:\/\/macrinion.com\/fr\/fl-platform\/\" \/>\n<meta property=\"og:locale\" content=\"fr_FR\" \/>\n<meta property=\"og:type\" content=\"article\" \/>\n<meta property=\"og:title\" content=\"FL-Platform - Introduction - Macrinion\" \/>\n<meta property=\"og:description\" content=\"Macrinion lance la plate-forme en ligne pour Financial Lines en Suisse ! La plate-forme FL couvre l&rsquo;ensemble de la cha\u00eene de valeur de l&rsquo;assureur &#8211; de l&rsquo;appel d&rsquo;offres et de l&rsquo;\u00e9valuation des risques jusqu&rsquo;\u00e0 l&rsquo;\u00e9tablissement de l&rsquo;offre, de la police et de l&rsquo;envoi de la facture. Il contient les donn\u00e9es cl\u00e9s suivantes : La plateforme [&hellip;]\" \/>\n<meta property=\"og:url\" content=\"https:\/\/macrinion.com\/fr\/fl-platform\/\" \/>\n<meta property=\"og:site_name\" content=\"Macrinion\" \/>\n<meta property=\"article:modified_time\" content=\"2025-06-02T16:53:20+00:00\" \/>\n<meta name=\"twitter:card\" content=\"summary_large_image\" \/>\n<meta name=\"twitter:label1\" content=\"Dur\u00e9e de lecture estim\u00e9e\" \/>\n\t<meta name=\"twitter:data1\" content=\"1 minute\" \/>\n<script type=\"application\/ld+json\" class=\"yoast-schema-graph\">{\"@context\":\"https:\/\/schema.org\",\"@graph\":[{\"@type\":\"WebPage\",\"@id\":\"https:\/\/macrinion.com\/fr\/fl-platform\/\",\"url\":\"https:\/\/macrinion.com\/fr\/fl-platform\/\",\"name\":\"FL-Platform - Introduction - Macrinion\",\"isPartOf\":{\"@id\":\"https:\/\/macrinion.com\/fr\/#website\"},\"datePublished\":\"2025-05-15T10:46:07+00:00\",\"dateModified\":\"2025-06-02T16:53:20+00:00\",\"breadcrumb\":{\"@id\":\"https:\/\/macrinion.com\/fr\/fl-platform\/#breadcrumb\"},\"inLanguage\":\"fr-FR\",\"potentialAction\":[{\"@type\":\"ReadAction\",\"target\":[[\"https:\/\/macrinion.com\/fr\/fl-platform\/\"]]}]},{\"@type\":\"BreadcrumbList\",\"@id\":\"https:\/\/macrinion.com\/fr\/fl-platform\/#breadcrumb\",\"itemListElement\":[{\"@type\":\"ListItem\",\"position\":1,\"name\":\"Home\",\"item\":\"https:\/\/macrinion.com\/fr\/\"},{\"@type\":\"ListItem\",\"position\":2,\"name\":\"FL-Platform &#8211; Introduction\"}]},{\"@type\":\"WebSite\",\"@id\":\"https:\/\/macrinion.com\/fr\/#website\",\"url\":\"https:\/\/macrinion.com\/fr\/\",\"name\":\"Macrinion\",\"description\":\"Ventures\",\"publisher\":{\"@id\":\"https:\/\/macrinion.com\/fr\/#organization\"},\"potentialAction\":[{\"@type\":\"SearchAction\",\"target\":{\"@type\":\"EntryPoint\",\"urlTemplate\":\"https:\/\/macrinion.com\/fr\/?s={search_term_string}\"},\"query-input\":{\"@type\":\"PropertyValueSpecification\",\"valueRequired\":true,\"valueName\":\"search_term_string\"}}],\"inLanguage\":\"fr-FR\"},{\"@type\":\"Organization\",\"@id\":\"https:\/\/macrinion.com\/fr\/#organization\",\"name\":\"Macrinion\",\"url\":\"https:\/\/macrinion.com\/fr\/\",\"logo\":{\"@type\":\"ImageObject\",\"inLanguage\":\"fr-FR\",\"@id\":\"https:\/\/macrinion.com\/fr\/#\/schema\/logo\/image\/\",\"url\":\"https:\/\/macrinion.com\/wp-content\/uploads\/2025\/06\/Macrinion_logo_DarkGreen_on_White_NotSteep_Alpha_smaller.png\",\"contentUrl\":\"https:\/\/macrinion.com\/wp-content\/uploads\/2025\/06\/Macrinion_logo_DarkGreen_on_White_NotSteep_Alpha_smaller.png\",\"width\":200,\"height\":175,\"caption\":\"Macrinion\"},\"image\":{\"@id\":\"https:\/\/macrinion.com\/fr\/#\/schema\/logo\/image\/\"}}]}<\/script>\n<!-- \/ Yoast SEO plugin. -->","yoast_head_json":{"title":"FL-Platform - Introduction - Macrinion","robots":{"index":"index","follow":"follow","max-snippet":"max-snippet:-1","max-image-preview":"max-image-preview:large","max-video-preview":"max-video-preview:-1"},"canonical":"https:\/\/macrinion.com\/fr\/fl-platform\/","og_locale":"fr_FR","og_type":"article","og_title":"FL-Platform - Introduction - Macrinion","og_description":"Macrinion lance la plate-forme en ligne pour Financial Lines en Suisse ! La plate-forme FL couvre l&rsquo;ensemble de la cha\u00eene de valeur de l&rsquo;assureur &#8211; de l&rsquo;appel d&rsquo;offres et de l&rsquo;\u00e9valuation des risques jusqu&rsquo;\u00e0 l&rsquo;\u00e9tablissement de l&rsquo;offre, de la police et de l&rsquo;envoi de la facture. Il contient les donn\u00e9es cl\u00e9s suivantes : La plateforme [&hellip;]","og_url":"https:\/\/macrinion.com\/fr\/fl-platform\/","og_site_name":"Macrinion","article_modified_time":"2025-06-02T16:53:20+00:00","twitter_card":"summary_large_image","twitter_misc":{"Dur\u00e9e de lecture estim\u00e9e":"1 minute"},"schema":{"@context":"https:\/\/schema.org","@graph":[{"@type":"WebPage","@id":"https:\/\/macrinion.com\/fr\/fl-platform\/","url":"https:\/\/macrinion.com\/fr\/fl-platform\/","name":"FL-Platform - Introduction - Macrinion","isPartOf":{"@id":"https:\/\/macrinion.com\/fr\/#website"},"datePublished":"2025-05-15T10:46:07+00:00","dateModified":"2025-06-02T16:53:20+00:00","breadcrumb":{"@id":"https:\/\/macrinion.com\/fr\/fl-platform\/#breadcrumb"},"inLanguage":"fr-FR","potentialAction":[{"@type":"ReadAction","target":[["https:\/\/macrinion.com\/fr\/fl-platform\/"]]}]},{"@type":"BreadcrumbList","@id":"https:\/\/macrinion.com\/fr\/fl-platform\/#breadcrumb","itemListElement":[{"@type":"ListItem","position":1,"name":"Home","item":"https:\/\/macrinion.com\/fr\/"},{"@type":"ListItem","position":2,"name":"FL-Platform &#8211; Introduction"}]},{"@type":"WebSite","@id":"https:\/\/macrinion.com\/fr\/#website","url":"https:\/\/macrinion.com\/fr\/","name":"Macrinion","description":"Ventures","publisher":{"@id":"https:\/\/macrinion.com\/fr\/#organization"},"potentialAction":[{"@type":"SearchAction","target":{"@type":"EntryPoint","urlTemplate":"https:\/\/macrinion.com\/fr\/?s={search_term_string}"},"query-input":{"@type":"PropertyValueSpecification","valueRequired":true,"valueName":"search_term_string"}}],"inLanguage":"fr-FR"},{"@type":"Organization","@id":"https:\/\/macrinion.com\/fr\/#organization","name":"Macrinion","url":"https:\/\/macrinion.com\/fr\/","logo":{"@type":"ImageObject","inLanguage":"fr-FR","@id":"https:\/\/macrinion.com\/fr\/#\/schema\/logo\/image\/","url":"https:\/\/macrinion.com\/wp-content\/uploads\/2025\/06\/Macrinion_logo_DarkGreen_on_White_NotSteep_Alpha_smaller.png","contentUrl":"https:\/\/macrinion.com\/wp-content\/uploads\/2025\/06\/Macrinion_logo_DarkGreen_on_White_NotSteep_Alpha_smaller.png","width":200,"height":175,"caption":"Macrinion"},"image":{"@id":"https:\/\/macrinion.com\/fr\/#\/schema\/logo\/image\/"}}]}},"_links":{"self":[{"href":"https:\/\/macrinion.com\/fr\/wp-json\/wp\/v2\/pages\/16","targetHints":{"allow":["GET"]}}],"collection":[{"href":"https:\/\/macrinion.com\/fr\/wp-json\/wp\/v2\/pages"}],"about":[{"href":"https:\/\/macrinion.com\/fr\/wp-json\/wp\/v2\/types\/page"}],"author":[{"embeddable":true,"href":"https:\/\/macrinion.com\/fr\/wp-json\/wp\/v2\/users\/1"}],"replies":[{"embeddable":true,"href":"https:\/\/macrinion.com\/fr\/wp-json\/wp\/v2\/comments?post=16"}],"version-history":[{"count":12,"href":"https:\/\/macrinion.com\/fr\/wp-json\/wp\/v2\/pages\/16\/revisions"}],"predecessor-version":[{"id":213,"href":"https:\/\/macrinion.com\/fr\/wp-json\/wp\/v2\/pages\/16\/revisions\/213"}],"wp:attachment":[{"href":"https:\/\/macrinion.com\/fr\/wp-json\/wp\/v2\/media?parent=16"}],"curies":[{"name":"wp","href":"https:\/\/api.w.org\/{rel}","templated":true}]}}