{"id":18,"date":"2025-05-15T10:46:07","date_gmt":"2025-05-15T10:46:07","guid":{"rendered":"https:\/\/macrinion.com\/?page_id=18"},"modified":"2025-08-06T07:04:50","modified_gmt":"2025-08-06T07:04:50","slug":"about-us","status":"publish","type":"page","link":"https:\/\/macrinion.com\/fr\/about-us\/","title":{"rendered":"Team"},"content":{"rendered":"<p><strong>\u00a0<\/strong><\/p>\n<p><img loading=\"lazy\" decoding=\"async\" class=\"alignright size-full wp-image-872\" src=\"\/wp-content\/uploads\/2025\/05\/m_haefeli-1.jpg\" alt=\"\" width=\"270\" height=\"350\" \/><\/p>\n<p><strong>Markus Haefeli,\u00a0<\/strong>Managing Partner<br \/>\nlic.oec.HSG et M.A.HSG in Legal Studies<\/p>\n<p>Mobile\u00a0 \u00a0+41 (0)79 384 98 66<br \/>\nEmail: markus.haefeli@macrinion.com<\/p>\n<ul>\n<li><strong>Head Financial Lines<\/strong>, Suisse, Zurich Compagnie d&rsquo;Assurances SA, 2014-2018<\/li>\n<li><strong>Manager Commercial Institutions, Financial Lines,\u00a0<\/strong>Suisse &amp; Autriche, AIG Europe Limited, Londres, 2010-2014<\/li>\n<li>Jusqu&rsquo;en 2010 : divers mandats de conseil pour de grandes compagnies d&rsquo;assurance (Swiss Re, B\u00e2loise) et des banques (Credit-Suisse, UBS, Deutsche Bank).<\/li>\n<li>\u00c9conomiste et avocat<\/li>\n<li>Vaste exp\u00e9rience dans le domaine de l&rsquo;assurance FL et de nombreuses ann\u00e9es de postes de direction aupr\u00e8s d&rsquo;assureurs FL renomm\u00e9s.<\/li>\n<li>A publi\u00e9 plusieurs articles et donn\u00e9 des conf\u00e9rences lors de s\u00e9minaires.<\/li>\n<\/ul>\n<p><a href=\"http:\/\/www.linkedin.com\/in\/markus-haefeli-670a022\/\"><i class=\"fa fa-linkedin\"><\/i> LinkedIn<\/a>\u00a0\u00a0\u00a0<a href=\"https:\/\/www.xing.com\/profile\/Markus_Haefeli\/cv?sc_o=da980_e\/\"><i class=\"fa fa-xing\"><\/i> Xing<\/a><br \/>\n<br style=\"clear: both;\" \/><\/p>\n<p>&nbsp;<\/p>\n<p><img loading=\"lazy\" decoding=\"async\" class=\"size-full wp-image-2139 alignright\" src=\"\/wp-content\/uploads\/2025\/05\/CD-1-1.png\" alt=\"\" width=\"270\" height=\"350\" \/><strong>Cristian I. Duda<\/strong>, Managing Partner, Chief Digital Officer<br \/>\nDr. rer. nat. ETH<\/p>\n<p>Mobile : +41 (0)75 401 29 39<br \/>\nEmail: cristian.duda@macrinion.com<\/p>\n<ul>\n<li>Lead, Identit\u00e9 Digitale, World Economic Forum<\/li>\n<li>Manager, Management Consulting, Accenture<\/li>\n<li>Comp\u00e9tence en num\u00e9risation et en solutions de donn\u00e9es \/ plateformes<\/li>\n<li>Divers mandats de conseil aupr\u00e8s des grandes entreprises dans les domaines suivants\n<ul>\n<li>Clients num\u00e9riques<\/li>\n<li>Analyse avanc\u00e9e dans le domaine commercial<\/li>\n<li>Exp\u00e9rience utilisateur<\/li>\n<li>Comp\u00e9tence en informatique de gestion<\/li>\n<li>Strat\u00e9gies d&rsquo;engagement client multicanal<\/li>\n<\/ul>\n<\/li>\n<li>Connaissance des derniers d\u00e9veloppements dans le domaine du business et de la technologie<\/li>\n<\/ul>\n<p><a href=\"https:\/\/www.linkedin.com\/in\/cristian-i-duda-9a92a21\/\"><i class=\"fa fa-linkedin\"><\/i> LinkedIn<\/a> <a href=\"https:\/\/www.xing.com\/profile\/Cristian_Duda\/\"><i class=\"fa fa-xing\"><\/i> Xing<\/a><\/p>\n<p><strong>\u00a0<\/strong><\/p>\n<p>&nbsp;<\/p>","protected":false},"excerpt":{"rendered":"<p>\u00a0 Markus Haefeli,\u00a0Managing Partner lic.oec.HSG et M.A.HSG in Legal Studies Mobile\u00a0 \u00a0+41 (0)79 384 98 66 Email: markus.haefeli@macrinion.com Head Financial Lines, Suisse, Zurich Compagnie d&rsquo;Assurances SA, 2014-2018 Manager Commercial Institutions, Financial Lines,\u00a0Suisse &amp; Autriche, AIG Europe Limited, Londres, 2010-2014 Jusqu&rsquo;en 2010 : divers mandats de conseil pour de grandes compagnies d&rsquo;assurance (Swiss Re, B\u00e2loise) et [&hellip;]<\/p>\n","protected":false},"author":1,"featured_media":0,"parent":0,"menu_order":0,"comment_status":"closed","ping_status":"closed","template":"","meta":{"footnotes":""},"class_list":["post-18","page","type-page","status-publish","hentry"],"yoast_head":"<!-- This site is optimized with the Yoast SEO plugin v26.0 - https:\/\/yoast.com\/wordpress\/plugins\/seo\/ -->\n<title>Team - Macrinion<\/title>\n<meta name=\"robots\" content=\"index, follow, max-snippet:-1, max-image-preview:large, max-video-preview:-1\" \/>\n<link rel=\"canonical\" href=\"https:\/\/macrinion.com\/fr\/about-us\/\" \/>\n<meta property=\"og:locale\" content=\"fr_FR\" \/>\n<meta property=\"og:type\" content=\"article\" \/>\n<meta property=\"og:title\" content=\"Team - Macrinion\" \/>\n<meta property=\"og:description\" content=\"\u00a0 Markus Haefeli,\u00a0Managing Partner lic.oec.HSG et M.A.HSG in Legal Studies Mobile\u00a0 \u00a0+41 (0)79 384 98 66 Email: markus.haefeli@macrinion.com Head Financial Lines, Suisse, Zurich Compagnie d&rsquo;Assurances SA, 2014-2018 Manager Commercial Institutions, Financial Lines,\u00a0Suisse &amp; Autriche, AIG Europe Limited, Londres, 2010-2014 Jusqu&rsquo;en 2010 : divers mandats de conseil pour de grandes compagnies d&rsquo;assurance (Swiss Re, B\u00e2loise) et [&hellip;]\" \/>\n<meta property=\"og:url\" content=\"https:\/\/macrinion.com\/fr\/about-us\/\" \/>\n<meta property=\"og:site_name\" content=\"Macrinion\" \/>\n<meta property=\"article:modified_time\" content=\"2025-08-06T07:04:50+00:00\" \/>\n<meta name=\"twitter:card\" content=\"summary_large_image\" \/>\n<meta name=\"twitter:label1\" content=\"Dur\u00e9e de lecture estim\u00e9e\" \/>\n\t<meta name=\"twitter:data1\" content=\"2 minutes\" \/>\n<script type=\"application\/ld+json\" class=\"yoast-schema-graph\">{\"@context\":\"https:\/\/schema.org\",\"@graph\":[{\"@type\":\"WebPage\",\"@id\":\"https:\/\/macrinion.com\/fr\/about-us\/\",\"url\":\"https:\/\/macrinion.com\/fr\/about-us\/\",\"name\":\"Team - Macrinion\",\"isPartOf\":{\"@id\":\"https:\/\/macrinion.com\/fr\/#website\"},\"datePublished\":\"2025-05-15T10:46:07+00:00\",\"dateModified\":\"2025-08-06T07:04:50+00:00\",\"breadcrumb\":{\"@id\":\"https:\/\/macrinion.com\/fr\/about-us\/#breadcrumb\"},\"inLanguage\":\"fr-FR\",\"potentialAction\":[{\"@type\":\"ReadAction\",\"target\":[[\"https:\/\/macrinion.com\/fr\/about-us\/\"]]}]},{\"@type\":\"BreadcrumbList\",\"@id\":\"https:\/\/macrinion.com\/fr\/about-us\/#breadcrumb\",\"itemListElement\":[{\"@type\":\"ListItem\",\"position\":1,\"name\":\"Home\",\"item\":\"https:\/\/macrinion.com\/fr\/\"},{\"@type\":\"ListItem\",\"position\":2,\"name\":\"Team\"}]},{\"@type\":\"WebSite\",\"@id\":\"https:\/\/macrinion.com\/fr\/#website\",\"url\":\"https:\/\/macrinion.com\/fr\/\",\"name\":\"Macrinion\",\"description\":\"Ventures\",\"publisher\":{\"@id\":\"https:\/\/macrinion.com\/fr\/#organization\"},\"potentialAction\":[{\"@type\":\"SearchAction\",\"target\":{\"@type\":\"EntryPoint\",\"urlTemplate\":\"https:\/\/macrinion.com\/fr\/?s={search_term_string}\"},\"query-input\":{\"@type\":\"PropertyValueSpecification\",\"valueRequired\":true,\"valueName\":\"search_term_string\"}}],\"inLanguage\":\"fr-FR\"},{\"@type\":\"Organization\",\"@id\":\"https:\/\/macrinion.com\/fr\/#organization\",\"name\":\"Macrinion\",\"url\":\"https:\/\/macrinion.com\/fr\/\",\"logo\":{\"@type\":\"ImageObject\",\"inLanguage\":\"fr-FR\",\"@id\":\"https:\/\/macrinion.com\/fr\/#\/schema\/logo\/image\/\",\"url\":\"https:\/\/macrinion.com\/wp-content\/uploads\/2025\/06\/Macrinion_logo_DarkGreen_on_White_NotSteep_Alpha_smaller.png\",\"contentUrl\":\"https:\/\/macrinion.com\/wp-content\/uploads\/2025\/06\/Macrinion_logo_DarkGreen_on_White_NotSteep_Alpha_smaller.png\",\"width\":200,\"height\":175,\"caption\":\"Macrinion\"},\"image\":{\"@id\":\"https:\/\/macrinion.com\/fr\/#\/schema\/logo\/image\/\"}}]}<\/script>\n<!-- \/ Yoast SEO plugin. -->","yoast_head_json":{"title":"Team - Macrinion","robots":{"index":"index","follow":"follow","max-snippet":"max-snippet:-1","max-image-preview":"max-image-preview:large","max-video-preview":"max-video-preview:-1"},"canonical":"https:\/\/macrinion.com\/fr\/about-us\/","og_locale":"fr_FR","og_type":"article","og_title":"Team - Macrinion","og_description":"\u00a0 Markus Haefeli,\u00a0Managing Partner lic.oec.HSG et M.A.HSG in Legal Studies Mobile\u00a0 \u00a0+41 (0)79 384 98 66 Email: markus.haefeli@macrinion.com Head Financial Lines, Suisse, Zurich Compagnie d&rsquo;Assurances SA, 2014-2018 Manager Commercial Institutions, Financial Lines,\u00a0Suisse &amp; Autriche, AIG Europe Limited, Londres, 2010-2014 Jusqu&rsquo;en 2010 : divers mandats de conseil pour de grandes compagnies d&rsquo;assurance (Swiss Re, B\u00e2loise) et [&hellip;]","og_url":"https:\/\/macrinion.com\/fr\/about-us\/","og_site_name":"Macrinion","article_modified_time":"2025-08-06T07:04:50+00:00","twitter_card":"summary_large_image","twitter_misc":{"Dur\u00e9e de lecture estim\u00e9e":"2 minutes"},"schema":{"@context":"https:\/\/schema.org","@graph":[{"@type":"WebPage","@id":"https:\/\/macrinion.com\/fr\/about-us\/","url":"https:\/\/macrinion.com\/fr\/about-us\/","name":"Team - Macrinion","isPartOf":{"@id":"https:\/\/macrinion.com\/fr\/#website"},"datePublished":"2025-05-15T10:46:07+00:00","dateModified":"2025-08-06T07:04:50+00:00","breadcrumb":{"@id":"https:\/\/macrinion.com\/fr\/about-us\/#breadcrumb"},"inLanguage":"fr-FR","potentialAction":[{"@type":"ReadAction","target":[["https:\/\/macrinion.com\/fr\/about-us\/"]]}]},{"@type":"BreadcrumbList","@id":"https:\/\/macrinion.com\/fr\/about-us\/#breadcrumb","itemListElement":[{"@type":"ListItem","position":1,"name":"Home","item":"https:\/\/macrinion.com\/fr\/"},{"@type":"ListItem","position":2,"name":"Team"}]},{"@type":"WebSite","@id":"https:\/\/macrinion.com\/fr\/#website","url":"https:\/\/macrinion.com\/fr\/","name":"Macrinion","description":"Ventures","publisher":{"@id":"https:\/\/macrinion.com\/fr\/#organization"},"potentialAction":[{"@type":"SearchAction","target":{"@type":"EntryPoint","urlTemplate":"https:\/\/macrinion.com\/fr\/?s={search_term_string}"},"query-input":{"@type":"PropertyValueSpecification","valueRequired":true,"valueName":"search_term_string"}}],"inLanguage":"fr-FR"},{"@type":"Organization","@id":"https:\/\/macrinion.com\/fr\/#organization","name":"Macrinion","url":"https:\/\/macrinion.com\/fr\/","logo":{"@type":"ImageObject","inLanguage":"fr-FR","@id":"https:\/\/macrinion.com\/fr\/#\/schema\/logo\/image\/","url":"https:\/\/macrinion.com\/wp-content\/uploads\/2025\/06\/Macrinion_logo_DarkGreen_on_White_NotSteep_Alpha_smaller.png","contentUrl":"https:\/\/macrinion.com\/wp-content\/uploads\/2025\/06\/Macrinion_logo_DarkGreen_on_White_NotSteep_Alpha_smaller.png","width":200,"height":175,"caption":"Macrinion"},"image":{"@id":"https:\/\/macrinion.com\/fr\/#\/schema\/logo\/image\/"}}]}},"_links":{"self":[{"href":"https:\/\/macrinion.com\/fr\/wp-json\/wp\/v2\/pages\/18","targetHints":{"allow":["GET"]}}],"collection":[{"href":"https:\/\/macrinion.com\/fr\/wp-json\/wp\/v2\/pages"}],"about":[{"href":"https:\/\/macrinion.com\/fr\/wp-json\/wp\/v2\/types\/page"}],"author":[{"embeddable":true,"href":"https:\/\/macrinion.com\/fr\/wp-json\/wp\/v2\/users\/1"}],"replies":[{"embeddable":true,"href":"https:\/\/macrinion.com\/fr\/wp-json\/wp\/v2\/comments?post=18"}],"version-history":[{"count":15,"href":"https:\/\/macrinion.com\/fr\/wp-json\/wp\/v2\/pages\/18\/revisions"}],"predecessor-version":[{"id":249,"href":"https:\/\/macrinion.com\/fr\/wp-json\/wp\/v2\/pages\/18\/revisions\/249"}],"wp:attachment":[{"href":"https:\/\/macrinion.com\/fr\/wp-json\/wp\/v2\/media?parent=18"}],"curies":[{"name":"wp","href":"https:\/\/api.w.org\/{rel}","templated":true}]}}